{"id":267,"date":"2014-06-12T19:13:42","date_gmt":"2014-06-12T19:13:42","guid":{"rendered":"https:\/\/jfcy.org\/?page_id=267"},"modified":"2025-04-15T14:03:41","modified_gmt":"2025-04-15T14:03:41","slug":"vos-droits-wiki","status":"publish","type":"page","link":"https:\/\/jfcy.org\/fr\/vos-droits-wiki\/","title":{"rendered":"Vos droits l\u00e9gaux"},"content":{"rendered":"\n<h2 class=\"wp-block-heading\">Vos droits l\u00e9gaux<\/h2>\n\n\n\n<p>Bienvenue dans la section Droits juridiques de JFCY qui fournit des informations sur les droits juridiques des enfants et des jeunes en Ontario. Ces informations sont disponibles en t\u00e9l\u00e9chargement sur notre page <a href=\"https:\/\/jfcy.org\/fr\/publications\/\">Publications<\/a>. Veuillez nous contacter si vous avez des questions ou si vous avez des difficult\u00e9s \u00e0 trouver les informations que vous recherchez. Vous devriez consulter un avocat pour obtenir des conseils juridiques, car chaque situation est unique et les lois changent souvent.<\/p>\n\n\n\n<div class=\"wp-block-zp4-cards has-3-columns\">\n<div class=\"wp-block-zp4-card\"><img loading=\"lazy\" decoding=\"async\" width=\"500\" height=\"200\" src=\"https:\/\/jfcy.org\/wp-content\/uploads\/sites\/2\/2023\/11\/Legal-Rights-images.png\" alt=\"\" class=\"wp-image-6612\" srcset=\"https:\/\/jfcy.org\/fr\/wp-content\/uploads\/sites\/2\/2023\/11\/Legal-Rights-images.png 500w, https:\/\/jfcy.org\/fr\/wp-content\/uploads\/sites\/2\/2023\/11\/Legal-Rights-images-300x120.png 300w, https:\/\/jfcy.org\/fr\/wp-content\/uploads\/sites\/2\/2023\/11\/Legal-Rights-images-259x104.png 259w\" sizes=\"auto, (max-width: 500px) 100vw, 500px\" \/><div class=\"content-container\">\n<h3 class=\"wp-block-heading heading has-large-font-size\"><a href=\"https:\/\/jfcy.org\/fr\/vos-droits-legaux\/a-qui-la-loi-sur-le-systeme-de-justice-penale-pour-les-adolescents-sapplique-t-elle\/\">Loi sur le syst\u00e8me de justice p\u00e9nale pour les adolescents<\/a><\/h3>\n\n\n\n<p>La Loi sur le syst\u00e8me de justice p\u00e9nale pour les adolescents (LSJPA) offre des droits et des proc\u00e9dures uniques aux jeunes \u00e2g\u00e9s de 12 \u00e0 17 ans accus\u00e9s d&rsquo;une infraction criminelle au Canada.<\/p>\n<\/div><\/div>\n\n\n\n<div class=\"wp-block-zp4-card\"><img loading=\"lazy\" decoding=\"async\" width=\"500\" height=\"200\" src=\"https:\/\/jfcy.org\/wp-content\/uploads\/sites\/2\/2023\/11\/1.png\" alt=\"\" class=\"wp-image-6605\" srcset=\"https:\/\/jfcy.org\/fr\/wp-content\/uploads\/sites\/2\/2023\/11\/1.png 500w, https:\/\/jfcy.org\/fr\/wp-content\/uploads\/sites\/2\/2023\/11\/1-300x120.png 300w, https:\/\/jfcy.org\/fr\/wp-content\/uploads\/sites\/2\/2023\/11\/1-259x104.png 259w\" sizes=\"auto, (max-width: 500px) 100vw, 500px\" \/><div class=\"content-container\">\n<h3 class=\"wp-block-heading heading has-large-font-size\"><a href=\"https:\/\/jfcy.org\/fr\/vos-droits-legaux\/education-de-lenfance-en-difficulte-introduction-incomplete\/\">\u00c9ducation et l\u2019\u00e9ducation sp\u00e9ciale<\/a><\/h3>\n\n\n\n<p>La scolarisation est une obligation l\u00e9gale pour les jeunes \u00e2g\u00e9s de 6 \u00e0 17 ans. La loi sur l&rsquo;\u00e9ducation conf\u00e8re aux parents et aux enfants des droits sp\u00e9cifiques dans le syst\u00e8me scolaire financ\u00e9 par l&rsquo;\u00c9tat.<\/p>\n<\/div><\/div>\n\n\n\n<div class=\"wp-block-zp4-card\"><img loading=\"lazy\" decoding=\"async\" width=\"500\" height=\"200\" src=\"https:\/\/jfcy.org\/wp-content\/uploads\/sites\/2\/2023\/11\/Leaving-Home.png\" alt=\"\" class=\"wp-image-6604\" srcset=\"https:\/\/jfcy.org\/fr\/wp-content\/uploads\/sites\/2\/2023\/11\/Leaving-Home.png 500w, https:\/\/jfcy.org\/fr\/wp-content\/uploads\/sites\/2\/2023\/11\/Leaving-Home-300x120.png 300w, https:\/\/jfcy.org\/fr\/wp-content\/uploads\/sites\/2\/2023\/11\/Leaving-Home-259x104.png 259w\" sizes=\"auto, (max-width: 500px) 100vw, 500px\" \/><div class=\"content-container\">\n<h3 class=\"wp-block-heading heading has-large-font-size\"><a href=\"https:\/\/jfcy.org\/fr\/vos-droits-legaux\/qui-decide\/\">Quitter le domicile familial<\/a><\/h3>\n\n\n\n<p>En Ontario, vous pouvez choisir o\u00f9 vous habitez \u00e0 l&rsquo;\u00e2ge de 16 ans. La d\u00e9cision de partir n&rsquo;est souvent pas facile et peut entra\u00eener des difficult\u00e9s pour r\u00e9cup\u00e9rer tous vos biens, avoir suffisamment d&rsquo;argent pour subvenir \u00e0 vos besoins et aller \u00e0 l&rsquo;\u00e9cole.<\/p>\n<\/div><\/div>\n<\/div>\n\n\n\n<p><\/p>\n\n\n\n<div class=\"wp-block-zp4-cards has-3-columns\">\n<div class=\"wp-block-zp4-card\"><img loading=\"lazy\" decoding=\"async\" width=\"500\" height=\"200\" src=\"https:\/\/jfcy.org\/wp-content\/uploads\/sites\/2\/2023\/11\/Legal-Rights-images-1.png\" alt=\"\" class=\"wp-image-6615\" srcset=\"https:\/\/jfcy.org\/fr\/wp-content\/uploads\/sites\/2\/2023\/11\/Legal-Rights-images-1.png 500w, https:\/\/jfcy.org\/fr\/wp-content\/uploads\/sites\/2\/2023\/11\/Legal-Rights-images-1-300x120.png 300w, https:\/\/jfcy.org\/fr\/wp-content\/uploads\/sites\/2\/2023\/11\/Legal-Rights-images-1-259x104.png 259w\" sizes=\"auto, (max-width: 500px) 100vw, 500px\" \/><div class=\"content-container\">\n<h3 class=\"wp-block-heading heading has-large-font-size\"><a href=\"https:\/\/jfcy.org\/fr\/vos-droits-legaux\/sante\/\">Sant\u00e9 physique ou mentale<\/a><\/h3>\n\n\n\n<p>Informez-vous de vos droits l\u00e9gaux lorsqu&rsquo;il s&rsquo;agit de d\u00e9cisions concernant vos soins de sant\u00e9 et votre traitement de sant\u00e9 mentale. Cela comprend toute proc\u00e9dure effectu\u00e9e ou prescrite par un professionnel de la sant\u00e9 pour diagnostiquer ou traiter un probl\u00e8me de sant\u00e9 physique ou mentale.<\/p>\n<\/div><\/div>\n\n\n\n<div class=\"wp-block-zp4-card\"><img loading=\"lazy\" decoding=\"async\" width=\"500\" height=\"200\" src=\"https:\/\/jfcy.org\/wp-content\/uploads\/sites\/2\/2023\/11\/8.png\" alt=\"\" class=\"wp-image-6610\" srcset=\"https:\/\/jfcy.org\/fr\/wp-content\/uploads\/sites\/2\/2023\/11\/8.png 500w, https:\/\/jfcy.org\/fr\/wp-content\/uploads\/sites\/2\/2023\/11\/8-300x120.png 300w, https:\/\/jfcy.org\/fr\/wp-content\/uploads\/sites\/2\/2023\/11\/8-259x104.png 259w\" sizes=\"auto, (max-width: 500px) 100vw, 500px\" \/><div class=\"content-container\">\n<h3 class=\"wp-block-heading heading has-large-font-size\"><a href=\"https:\/\/jfcy.org\/fr\/vos-droits-legaux\/droits-de-la-personne\/\">Droits de la personne et LGBTQ2SI+<\/a><\/h3>\n\n\n\n<p>Le Code des droits de la personne de l\u2019Ontario vous prot\u00e8ge contre la discrimination pour de nombreux motifs et dans de nombreux domaines sociaux. Les pr\u00e9occupations juridiques sp\u00e9cifiques soulev\u00e9es par les jeunes s&rsquo;identifiant dans les communaut\u00e9s LGBTQI2S concernent les GSA, les espaces trans et de genre et le changement de leur carte d&rsquo;identit\u00e9.<\/p>\n<\/div><\/div>\n\n\n\n<div class=\"wp-block-zp4-card\"><img loading=\"lazy\" decoding=\"async\" width=\"500\" height=\"200\" src=\"https:\/\/jfcy.org\/wp-content\/uploads\/sites\/2\/2023\/11\/Legal-Rights-images-2.png\" alt=\"\" class=\"wp-image-6617\" srcset=\"https:\/\/jfcy.org\/fr\/wp-content\/uploads\/sites\/2\/2023\/11\/Legal-Rights-images-2.png 500w, https:\/\/jfcy.org\/fr\/wp-content\/uploads\/sites\/2\/2023\/11\/Legal-Rights-images-2-300x120.png 300w, https:\/\/jfcy.org\/fr\/wp-content\/uploads\/sites\/2\/2023\/11\/Legal-Rights-images-2-259x104.png 259w\" sizes=\"auto, (max-width: 500px) 100vw, 500px\" \/><div class=\"content-container\">\n<h3 class=\"wp-block-heading heading has-large-font-size\"><a href=\"https:\/\/jfcy.org\/fr\/vos-droits-legaux\/contraventions\/\">Infractions provinciales<\/a><\/h3>\n\n\n\n<p>You can be given a ticket for breaking a provincial law if you are over the age of 16. Some of the common laws that young people are given tickets for is covered in this section.<\/p>\n<\/div><\/div>\n\n\n\n<div class=\"wp-block-zp4-card\"><img loading=\"lazy\" decoding=\"async\" width=\"500\" height=\"200\" src=\"https:\/\/jfcy.org\/wp-content\/uploads\/sites\/2\/2023\/11\/10.png\" alt=\"\" class=\"wp-image-6599\" srcset=\"https:\/\/jfcy.org\/fr\/wp-content\/uploads\/sites\/2\/2023\/11\/10.png 500w, https:\/\/jfcy.org\/fr\/wp-content\/uploads\/sites\/2\/2023\/11\/10-300x120.png 300w, https:\/\/jfcy.org\/fr\/wp-content\/uploads\/sites\/2\/2023\/11\/10-259x104.png 259w\" sizes=\"auto, (max-width: 500px) 100vw, 500px\" \/><div class=\"content-container\">\n<h3 class=\"wp-block-heading heading has-large-font-size\"><a href=\"https:\/\/jfcy.org\/fr\/vos-droits-legaux\/sujets-brulants-activite-sexuelle\/\">Sujets br\u00fblants<\/a><\/h3>\n\n\n\n<p>Voici quelques-uns des probl\u00e8mes courants sur lesquels les avocats de JFCY sont interrog\u00e9s&nbsp;: notamment l&rsquo;\u00e2ge de consentement \u00e0 l&rsquo;activit\u00e9 sexuelle, le cannabis r\u00e9cr\u00e9atif, les contr\u00f4les et fouilles de la police, les plaintes contre la police, les gardes de s\u00e9curit\u00e9 et les lettres de mise en demeure pour vol \u00e0 l&rsquo;\u00e9talage.<\/p>\n<\/div><\/div>\n\n\n\n<div class=\"wp-block-zp4-card\"><img loading=\"lazy\" decoding=\"async\" width=\"500\" height=\"200\" src=\"https:\/\/jfcy.org\/wp-content\/uploads\/sites\/2\/2023\/11\/9.png\" alt=\"\" class=\"wp-image-6611\" srcset=\"https:\/\/jfcy.org\/fr\/wp-content\/uploads\/sites\/2\/2023\/11\/9.png 500w, https:\/\/jfcy.org\/fr\/wp-content\/uploads\/sites\/2\/2023\/11\/9-300x120.png 300w, https:\/\/jfcy.org\/fr\/wp-content\/uploads\/sites\/2\/2023\/11\/9-259x104.png 259w\" sizes=\"auto, (max-width: 500px) 100vw, 500px\" \/><div class=\"content-container\">\n<h3 class=\"wp-block-heading heading has-large-font-size\"><a href=\"https:\/\/jfcy.org\/fr\/vos-droits-legaux\/mes-parents-et-les-autres-ont-ils-le-droit-de-me-frapper\/\">Protection de l\u2019enfance \/ Famille<\/a> <\/h3>\n\n\n\n<p>En mati\u00e8re de protection de l&rsquo;enfance et de droit de la famille, les droits des enfants sont uniques. Informez-vous de vos droits lorsque vous entrez et \u00eates sous la garde d&rsquo;une soci\u00e9t\u00e9 d&rsquo;aide \u00e0 l&rsquo;enfance ou d&rsquo;une agence de bien-\u00eatre de l&rsquo;enfance et de la famille des Premi\u00e8res Nations, lorsque les parents\/tuteurs peuvent recourir \u00e0 des ch\u00e2timents corporels (ch\u00e2timents corporels\/exemption de fess\u00e9e en cas d&rsquo;agression), et quoi Cela peut arriver lorsque vos parents se s\u00e9parent.<\/p>\n<\/div><\/div>\n\n\n\n<div class=\"wp-block-zp4-card\"><img loading=\"lazy\" decoding=\"async\" width=\"500\" height=\"200\" src=\"https:\/\/jfcy.org\/wp-content\/uploads\/sites\/2\/2023\/11\/Legal-Rights-images-3.png\" alt=\"\" class=\"wp-image-6618\" srcset=\"https:\/\/jfcy.org\/fr\/wp-content\/uploads\/sites\/2\/2023\/11\/Legal-Rights-images-3.png 500w, https:\/\/jfcy.org\/fr\/wp-content\/uploads\/sites\/2\/2023\/11\/Legal-Rights-images-3-300x120.png 300w, https:\/\/jfcy.org\/fr\/wp-content\/uploads\/sites\/2\/2023\/11\/Legal-Rights-images-3-259x104.png 259w\" sizes=\"auto, (max-width: 500px) 100vw, 500px\" \/><div class=\"content-container\">\n<h3 class=\"wp-block-heading heading has-large-font-size\"><a href=\"https:\/\/jfcy.org\/fr\/vos-droits-legaux\/immigration-statut\/\">Immigration et r\u00e9fugi\u00e9<\/a><\/h3>\n\n\n\n<p>Les jeunes qui vivent sans statut d\u2019immigrant en Ontario peuvent faire face \u00e0 une grande incertitude et ins\u00e9curit\u00e9. Cette section traite des probl\u00e8mes li\u00e9s au statut d&rsquo;immigrant et \u00e0 la rupture du parrainage.<\/p>\n<\/div><\/div>\n\n\n\n<div class=\"wp-block-zp4-card\"><img loading=\"lazy\" decoding=\"async\" width=\"500\" height=\"200\" src=\"https:\/\/jfcy.org\/wp-content\/uploads\/sites\/2\/2023\/11\/Legal-Rights-images-4.png\" alt=\"\" class=\"wp-image-6619\" srcset=\"https:\/\/jfcy.org\/fr\/wp-content\/uploads\/sites\/2\/2023\/11\/Legal-Rights-images-4.png 500w, https:\/\/jfcy.org\/fr\/wp-content\/uploads\/sites\/2\/2023\/11\/Legal-Rights-images-4-300x120.png 300w, https:\/\/jfcy.org\/fr\/wp-content\/uploads\/sites\/2\/2023\/11\/Legal-Rights-images-4-259x104.png 259w\" sizes=\"auto, (max-width: 500px) 100vw, 500px\" \/><div class=\"content-container\">\n<h3 class=\"wp-block-heading heading has-large-font-size\"><a href=\"https:\/\/jfcy.org\/fr\/vos-droits-legaux\/aide-urgente\/\">Victime d\u2019un acte criminel<\/a><\/h3>\n\n\n\n<p>Aide d&rsquo;urgence, tribunal p\u00e9nal, poursuites civiles, services d&rsquo;assistance.<\/p>\n<\/div><\/div>\n\n\n\n<div class=\"wp-block-zp4-card\"><img loading=\"lazy\" decoding=\"async\" width=\"500\" height=\"200\" src=\"https:\/\/jfcy.org\/wp-content\/uploads\/sites\/2\/2023\/11\/11.png\" alt=\"\" class=\"wp-image-6600\" srcset=\"https:\/\/jfcy.org\/fr\/wp-content\/uploads\/sites\/2\/2023\/11\/11.png 500w, https:\/\/jfcy.org\/fr\/wp-content\/uploads\/sites\/2\/2023\/11\/11-300x120.png 300w, https:\/\/jfcy.org\/fr\/wp-content\/uploads\/sites\/2\/2023\/11\/11-259x104.png 259w\" sizes=\"auto, (max-width: 500px) 100vw, 500px\" \/><div class=\"content-container\">\n<h3 class=\"wp-block-heading heading has-large-font-size\"><a href=\"https:\/\/jfcy.org\/fr\/vos-droits-legaux\/mandat-darrestation\/\">Adolescents 18+ de la rue<\/a><\/h3>\n\n\n\n<p>Street Youth Legal Services (SYLS) est un programme qui fournit des informations et des services aux jeunes sans-abri \u00e2g\u00e9s de 16 \u00e0 25 ans. Ce sont quelques-uns des probl\u00e8mes courants sur lesquels l&rsquo;avocat du SYLS est interrog\u00e9.<\/p>\n<\/div><\/div>\n<\/div>\n\n\n\n<div class=\"wp-block-zp4-cards-featured has-3-columns\">\n<div class=\"wp-block-zp4-card-featured\"><div class=\"image-container\"><img loading=\"lazy\" decoding=\"async\" width=\"500\" height=\"250\" src=\"https:\/\/jfcy.org\/wp-content\/uploads\/sites\/2\/2023\/12\/Bottom-2.png\" alt=\"\" class=\"wp-image-7013\" srcset=\"https:\/\/jfcy.org\/fr\/wp-content\/uploads\/sites\/2\/2023\/12\/Bottom-2.png 500w, https:\/\/jfcy.org\/fr\/wp-content\/uploads\/sites\/2\/2023\/12\/Bottom-2-300x150.png 300w, https:\/\/jfcy.org\/fr\/wp-content\/uploads\/sites\/2\/2023\/12\/Bottom-2-259x130.png 259w, https:\/\/jfcy.org\/fr\/wp-content\/uploads\/sites\/2\/2023\/12\/Bottom-2-420x210.png 420w\" sizes=\"auto, (max-width: 500px) 100vw, 500px\" \/><\/div><div class=\"content-container\">\n<h3 class=\"wp-block-heading heading\"><a href=\"https:\/\/jfcy.org\/fr\/organisations\/\">Autres organisations<\/a><\/h3>\n\n\n\n<p>Autres ressources pour les jeunes<\/p>\n<\/div><\/div>\n\n\n\n<div class=\"wp-block-zp4-card-featured\"><div class=\"image-container\"><img loading=\"lazy\" decoding=\"async\" width=\"500\" height=\"250\" src=\"https:\/\/jfcy.org\/wp-content\/uploads\/sites\/2\/2023\/12\/Bottom-4-widget-helpful-orgs-1.png\" alt=\"\" class=\"wp-image-7099\" srcset=\"https:\/\/jfcy.org\/fr\/wp-content\/uploads\/sites\/2\/2023\/12\/Bottom-4-widget-helpful-orgs-1.png 500w, https:\/\/jfcy.org\/fr\/wp-content\/uploads\/sites\/2\/2023\/12\/Bottom-4-widget-helpful-orgs-1-300x150.png 300w, https:\/\/jfcy.org\/fr\/wp-content\/uploads\/sites\/2\/2023\/12\/Bottom-4-widget-helpful-orgs-1-259x130.png 259w, https:\/\/jfcy.org\/fr\/wp-content\/uploads\/sites\/2\/2023\/12\/Bottom-4-widget-helpful-orgs-1-420x210.png 420w\" sizes=\"auto, (max-width: 500px) 100vw, 500px\" \/><\/div><div class=\"content-container\">\n<h3 class=\"wp-block-heading heading\"><a href=\"https:\/\/jfcy.org\/fr\/publications\/\">Publications<\/a><\/h3>\n\n\n\n<p>T\u00e9l\u00e9charger, imprimer, partager<\/p>\n<\/div><\/div>\n\n\n\n<div class=\"wp-block-zp4-card-featured\"><div class=\"image-container\"><img loading=\"lazy\" decoding=\"async\" width=\"500\" height=\"250\" src=\"https:\/\/jfcy.org\/wp-content\/uploads\/sites\/2\/2023\/12\/Bottom-3.png\" alt=\"\" class=\"wp-image-7014\" srcset=\"https:\/\/jfcy.org\/fr\/wp-content\/uploads\/sites\/2\/2023\/12\/Bottom-3.png 500w, https:\/\/jfcy.org\/fr\/wp-content\/uploads\/sites\/2\/2023\/12\/Bottom-3-300x150.png 300w, https:\/\/jfcy.org\/fr\/wp-content\/uploads\/sites\/2\/2023\/12\/Bottom-3-259x130.png 259w, https:\/\/jfcy.org\/fr\/wp-content\/uploads\/sites\/2\/2023\/12\/Bottom-3-420x210.png 420w\" sizes=\"auto, (max-width: 500px) 100vw, 500px\" \/><\/div><div class=\"content-container\">\n<h3 class=\"wp-block-heading heading\"><a href=\"https:\/\/jfcy.org\/fr\/a-propos-de-nous\/donner\/\">Faites un don<\/a><\/h3>\n\n\n\n<p>Aider les enfants et les jeunes \u00e0 \u00eatre en s\u00e9curit\u00e9<\/p>\n<\/div><\/div>\n<\/div>\n","protected":false},"excerpt":{"rendered":"<p>Vos droits l\u00e9gaux Bienvenue dans la section Droits juridiques de JFCY qui fournit des informations sur les droits juridiques des&mldr;<\/p>\n","protected":false},"author":2,"featured_media":0,"parent":0,"menu_order":0,"comment_status":"open","ping_status":"open","template":"","meta":{"_acf_changed":false,"footnotes":""},"class_list":["post-267","page","type-page","status-publish","hentry"],"acf":[],"_links":{"self":[{"href":"https:\/\/jfcy.org\/fr\/wp-json\/wp\/v2\/pages\/267","targetHints":{"allow":["GET"]}}],"collection":[{"href":"https:\/\/jfcy.org\/fr\/wp-json\/wp\/v2\/pages"}],"about":[{"href":"https:\/\/jfcy.org\/fr\/wp-json\/wp\/v2\/types\/page"}],"author":[{"embeddable":true,"href":"https:\/\/jfcy.org\/fr\/wp-json\/wp\/v2\/users\/2"}],"replies":[{"embeddable":true,"href":"https:\/\/jfcy.org\/fr\/wp-json\/wp\/v2\/comments?post=267"}],"version-history":[{"count":12,"href":"https:\/\/jfcy.org\/fr\/wp-json\/wp\/v2\/pages\/267\/revisions"}],"predecessor-version":[{"id":7390,"href":"https:\/\/jfcy.org\/fr\/wp-json\/wp\/v2\/pages\/267\/revisions\/7390"}],"wp:attachment":[{"href":"https:\/\/jfcy.org\/fr\/wp-json\/wp\/v2\/media?parent=267"}],"curies":[{"name":"wp","href":"https:\/\/api.w.org\/{rel}","templated":true}]}}