{"id":287,"date":"2014-06-13T17:20:41","date_gmt":"2014-06-13T17:20:41","guid":{"rendered":"https:\/\/jfcy.org\/?page_id=287"},"modified":"2025-04-15T14:01:57","modified_gmt":"2025-04-15T14:01:57","slug":"pour-nous-joindre","status":"publish","type":"page","link":"https:\/\/jfcy.org\/fr\/pour-nous-joindre\/","title":{"rendered":"Communiquez avec nous"},"content":{"rendered":"\n<h2 class=\"wp-block-heading\">Communiquez avec nous<\/h2>\n\n\n\n<h2 class=\"wp-block-heading has-large-font-size\">T\u00e9l\u00e9phone<\/h2>\n\n\n\n<p>RGT: 416-920-1633<br>Ailleurs en Ontario: 1-866-999-JFCY (5329)<br>N\u00b0 de t\u00e9l\u00e9copieur:&nbsp;416-920-5855<\/p>\n\n\n\n<p>Heures d&rsquo;accueil : Lundi, mardi, jeudi et vendredi (pas de mercredi)\u00a0: 9h-12h et 13h-17h (fermeture pour le d\u00e9jeuner). Horaires d\u2019\u00e9t\u00e9 en juillet et ao\u00fbt\u00a0: fermeture \u00e0 12\u00a0heures le vendredi.<\/p>\n\n\n\n<p>\u00c0 quoi s&rsquo;attendre lorsque vous appelez pour des conseils juridiques :<\/p>\n\n\n\n<ul class=\"wp-block-list\">\n<li>Un pr\u00e9pos\u00e9 \u00e0 l&rsquo;accueil notera vos coordonn\u00e9es et de brefs d\u00e9tails sur votre situation et vous indiquera quand vous attendre \u00e0 \u00eatre rappel\u00e9 par un avocat.<\/li>\n\n\n\n<li>Le pr\u00e9pos\u00e9 \u00e0 l&rsquo;accueil vous posera \u00e9galement des questions suppl\u00e9mentaires \u00e0 des fins de recherche &#8211; vos r\u00e9ponses n&rsquo;affecteront pas les services offerts et nous ne partagerons aucune information permettant de vous identifier. Vous n&rsquo;\u00eates pas oblig\u00e9 de r\u00e9pondre \u00e0 ces questions.<\/li>\n\n\n\n<li>Les avocats de JFCY offrent jusqu&rsquo;\u00e0 30 minutes de conseils juridiques sommaires gratuits par t\u00e9l\u00e9phone.<\/li>\n\n\n\n<li>Des services brefs suppl\u00e9mentaires et une repr\u00e9sentation juridique peuvent \u00eatre disponibles pour ceux qui r\u00e9pondent \u00e0 nos crit\u00e8res d&rsquo;admissibilit\u00e9. Nous faisons partie des cliniques de droit des pauvres d&rsquo;Aide juridique Ontario.<\/li>\n\n\n\n<li>JFCY ne fournit pas de services pour les poursuites civiles ; et g\u00e9n\u00e9ralement pas sur les questions de droit de la famille (<a href=\"https:\/\/www.ontario.ca\/fr\/page\/bureau-de-lavocat-des-enfants\">le&nbsp;Bureau de l\u2019avocat des enfants (<abbr>BAE<\/abbr>)<\/a> offre des services en droit de la famille).<\/li>\n<\/ul>\n\n\n\n<h3 class=\"wp-block-heading has-large-font-size\">Courrier \u00e9lectronique<\/h3>\n\n\n\n<p>general@jfcy.clcj.ca<\/p>\n\n\n\n<ul class=\"wp-block-list\">\n<li>La bo\u00eete de r\u00e9ception g\u00e9n\u00e9rale est v\u00e9rifi\u00e9e au moins une fois toutes les deux semaines\u2009; appeler si votre demande est pour des conseils juridiques ou pour une urgence. Nous ne r\u00e9pondrons pas aux demandes de conseils juridiques concernant une situation sp\u00e9cifique par courriel et vous devez appeler et parler \u00e0 notre pr\u00e9pos\u00e9 \u00e0 l\u2019accueil.<\/li>\n<\/ul>\n\n\n\n<h3 class=\"wp-block-heading has-large-font-size\">Adresse &#8211; <em>Aucun service sans rendez-vous disponible<\/em><\/h3>\n\n\n\n<p>Justice for Children and Youth<br>Canadian Foundation for Children, Youth and the Law<\/p>\n\n\n\n<p>1500 &#8211; 55 avenue University, Toronto, ON M5J 2H7 [Canada]<\/p>\n\n\n\n<h2 class=\"wp-block-heading has-large-font-size\">T\u00e9l\u00e9copieur<\/h2>\n\n\n\n<p>416-920-5855<\/p>\n","protected":false},"excerpt":{"rendered":"<p>Communiquez avec nous T\u00e9l\u00e9phone RGT: 416-920-1633Ailleurs en Ontario: 1-866-999-JFCY (5329)N\u00b0 de t\u00e9l\u00e9copieur:&nbsp;416-920-5855 Heures d&rsquo;accueil : Lundi, mardi, jeudi et vendredi&mldr;<\/p>\n","protected":false},"author":2,"featured_media":0,"parent":0,"menu_order":0,"comment_status":"open","ping_status":"open","template":"","meta":{"_acf_changed":false,"footnotes":""},"class_list":["post-287","page","type-page","status-publish","hentry"],"acf":[],"_links":{"self":[{"href":"https:\/\/jfcy.org\/fr\/wp-json\/wp\/v2\/pages\/287","targetHints":{"allow":["GET"]}}],"collection":[{"href":"https:\/\/jfcy.org\/fr\/wp-json\/wp\/v2\/pages"}],"about":[{"href":"https:\/\/jfcy.org\/fr\/wp-json\/wp\/v2\/types\/page"}],"author":[{"embeddable":true,"href":"https:\/\/jfcy.org\/fr\/wp-json\/wp\/v2\/users\/2"}],"replies":[{"embeddable":true,"href":"https:\/\/jfcy.org\/fr\/wp-json\/wp\/v2\/comments?post=287"}],"version-history":[{"count":6,"href":"https:\/\/jfcy.org\/fr\/wp-json\/wp\/v2\/pages\/287\/revisions"}],"predecessor-version":[{"id":7388,"href":"https:\/\/jfcy.org\/fr\/wp-json\/wp\/v2\/pages\/287\/revisions\/7388"}],"wp:attachment":[{"href":"https:\/\/jfcy.org\/fr\/wp-json\/wp\/v2\/media?parent=287"}],"curies":[{"name":"wp","href":"https:\/\/api.w.org\/{rel}","templated":true}]}}