{"id":5854,"date":"2021-05-26T16:13:08","date_gmt":"2021-05-26T16:13:08","guid":{"rendered":"https:\/\/jfcy.org\/?page_id=5854"},"modified":"2023-12-04T19:20:06","modified_gmt":"2023-12-04T19:20:06","slug":"leducationspeciale","status":"publish","type":"page","link":"https:\/\/jfcy.org\/fr\/leducationspeciale\/","title":{"rendered":"\u00c9ducation de l\u2019enfance en difficult\u00e9"},"content":{"rendered":"\n<h2 class=\"wp-block-heading\">\u00c9ducation de l\u2019enfance en difficult\u00e9<\/h2>\n\n\n\n<p class=\"has-large-font-size\">Naviguer dans les processus d&rsquo;\u00e9ducation de l\u2019enfance en difficult\u00e9 peut \u00eatre difficile. JFCY a d\u00e9velopp\u00e9 un guide \u00e9crit et de courtes vid\u00e9os pour aider les \u00e9l\u00e8ves et les familles \u00e0 naviguer dans le syst\u00e8me d&rsquo;\u00e9ducation de l\u2019enfance en difficult\u00e9.<\/p>\n\n\n\n<h2 class=\"wp-block-heading has-x-large-font-size\"><a href=\"https:\/\/jfcy.org\/wp-content\/uploads\/sites\/2\/2021\/10\/FR-Complet-A-compressed.pdf\">Guide complet : <\/a><\/h2>\n\n\n\n<p><img loading=\"lazy\" decoding=\"async\" width=\"163\" height=\"250\" src=\"https:\/\/jfcy.org\/wp-content\/uploads\/sites\/2\/2021\/10\/FR-Complet-A-195x300.png\" alt=\"\"> &nbsp;&nbsp;<\/p>\n\n\n\n<h2 class=\"wp-block-heading has-x-large-font-size\">Sections individuelles du guide&nbsp;:<\/h2>\n\n\n\n<p><img loading=\"lazy\" decoding=\"async\" src=\"https:\/\/jfcy.org\/wp-content\/uploads\/sites\/2\/2021\/10\/FR-Complet-B-195x300.png\" alt=\"\" width=\"35\" height=\"54\">&nbsp; <a href=\"https:\/\/jfcy.org\/wp-content\/uploads\/sites\/2\/2021\/10\/FR-Complet-B.pdf\">Introduction \u00e0 l&rsquo;\u00e9ducation de l&rsquo;enfance en difficult\u00e9 a l&rsquo;Ontario<\/a><\/p>\n\n\n\n<p><img loading=\"lazy\" decoding=\"async\" src=\"https:\/\/jfcy.org\/wp-content\/uploads\/sites\/2\/2021\/10\/FR-Complet-C-195x300.png\" alt=\"\" width=\"35\" height=\"54\"> &nbsp;<a href=\"https:\/\/jfcy.org\/wp-content\/uploads\/sites\/2\/2021\/10\/FR-Complet-C.pdf\">Le Comit\u00e9 d&rsquo;identification, de placement et de r\u00e9vision (CIPR)<\/a><\/p>\n\n\n\n<p><img loading=\"lazy\" decoding=\"async\" src=\"https:\/\/jfcy.org\/wp-content\/uploads\/sites\/2\/2021\/10\/FR-Complet-D-195x300.png\" alt=\"\" width=\"35\" height=\"54\"> &nbsp;<a href=\"https:\/\/jfcy.org\/wp-content\/uploads\/sites\/2\/2021\/10\/FR-Complet-D.pdf\">Appel de la d\u00e9cision du CIPR<\/a><\/p>\n\n\n\n<p><img loading=\"lazy\" decoding=\"async\" src=\"https:\/\/jfcy.org\/wp-content\/uploads\/sites\/2\/2021\/10\/FR-Complet-E-195x300.png\" alt=\"\" width=\"35\" height=\"54\"> &nbsp;<a href=\"https:\/\/jfcy.org\/wp-content\/uploads\/sites\/2\/2021\/10\/FR-Complet-E.pdf\">Le plan d&rsquo;enseignement individualis\u00e9 (PEI)<\/a><\/p>\n\n\n\n<p><img loading=\"lazy\" decoding=\"async\" src=\"https:\/\/jfcy.org\/wp-content\/uploads\/sites\/2\/2021\/10\/FR-Complet-F-195x300.png\" alt=\"\" width=\"35\" height=\"54\"> <a href=\"https:\/\/jfcy.org\/wp-content\/uploads\/sites\/2\/2021\/10\/FR-Complet-F.pdf\">Glossaire &amp; Ressources<\/a><\/p>\n\n\n\n<h2 class=\"wp-block-heading has-x-large-font-size\">Graphiques contenus dans le guide :<\/h2>\n\n\n\n<p><img loading=\"lazy\" decoding=\"async\" width=\"50\" height=\"65\" src=\"https:\/\/jfcy.org\/wp-content\/uploads\/sites\/2\/2021\/10\/FR-graphique-1-232x300.png\" alt=\"\"> &nbsp;A &#8211; <a href=\"https:\/\/jfcy.org\/wp-content\/uploads\/sites\/2\/2021\/10\/FR-graphique-1.pdf\">Parcours de l&rsquo;\u00e9ducation sp\u00e9ciale<\/a><\/p>\n\n\n\n<p><img loading=\"lazy\" decoding=\"async\" src=\"https:\/\/jfcy.org\/wp-content\/uploads\/sites\/2\/2021\/10\/FR-graphique-2-232x300.png\" alt=\"\" width=\"50\" height=\"65\">&nbsp; B &#8211; <a href=\"https:\/\/jfcy.org\/wp-content\/uploads\/sites\/2\/2021\/10\/FR-graphique-2.pdf\">CIPR marche \u00e0 suivre<\/a><\/p>\n\n\n\n<p><img loading=\"lazy\" decoding=\"async\" src=\"https:\/\/jfcy.org\/wp-content\/uploads\/sites\/2\/2021\/10\/FR-graphique-3-compressed-232x300.png\" alt=\"\" width=\"50\" height=\"64\">&nbsp; C &#8211; <a href=\"https:\/\/jfcy.org\/wp-content\/uploads\/sites\/2\/2021\/10\/FR-graphique-4.pdf\">Appels apr\u00e8s la r<\/a><a href=\"https:\/\/jfcy.org\/wp-content\/uploads\/sites\/2\/2021\/10\/FR-graphique-1.pdf\">\u00e9<\/a><a href=\"https:\/\/jfcy.org\/wp-content\/uploads\/sites\/2\/2021\/10\/FR-graphique-3.pdf\">union du CIP<\/a><a href=\"https:\/\/jfcy.org\/wp-content\/uploads\/sites\/2\/2021\/10\/FR-graphique-5.pdf\">R<\/a><\/p>\n\n\n\n<p><img loading=\"lazy\" decoding=\"async\" src=\"https:\/\/jfcy.org\/wp-content\/uploads\/sites\/2\/2021\/10\/FR-graphique-4-232x300.png\" alt=\"\" width=\"45\" height=\"58\">&nbsp; D &#8211; <a href=\"https:\/\/jfcy.org\/wp-content\/uploads\/sites\/2\/2021\/10\/FR-graphique-5.pdf\">D<\/a><a href=\"https:\/\/jfcy.org\/wp-content\/uploads\/sites\/2\/2021\/10\/FR-graphique-1.pdf\">\u00e9<\/a><a href=\"https:\/\/jfcy.org\/wp-content\/uploads\/sites\/2\/2021\/10\/FR-graphique-4.pdf\">lais importants pour les appels du CIPR<\/a><\/p>\n\n\n\n<p><img loading=\"lazy\" decoding=\"async\" width=\"50\" height=\"65\" src=\"https:\/\/jfcy.org\/wp-content\/uploads\/sites\/2\/2021\/10\/FR-graphique-5-232x300.png\" alt=\"\">&nbsp; E &#8211; <a href=\"https:\/\/jfcy.org\/wp-content\/uploads\/sites\/2\/2021\/10\/FR-graphique-5.pdf\">Le processus du plan d&rsquo;<\/a><a href=\"https:\/\/jfcy.org\/wp-content\/uploads\/sites\/2\/2021\/10\/FR-graphique-1.pdf\">\u00e9<\/a><a href=\"https:\/\/jfcy.org\/wp-content\/uploads\/sites\/2\/2021\/10\/FR-graphique-5.pdf\">ducation individuel (PEI)<\/a><\/p>\n\n\n\n<h2 class=\"wp-block-heading has-x-large-font-size\">Vid\u00e9os :<\/h2>\n\n\n\n<p>Aussi disponible sur la liste de lecture <a href=\"https:\/\/www.youtube.com\/playlist?list=PLiO_J0tA1pS3955GV4zboLnymuUtGzjMM\" target=\"_blank\" rel=\"noreferrer noopener\">YouTube (@JFCYOntario)<\/a>&nbsp;:<\/p>\n\n\n\n<ul class=\"wp-block-list\">\n<li><a href=\"https:\/\/www.youtube.com\/watch?v=A-GdCRyBUMY\">\u00c9ducation 101<\/a><\/li>\n\n\n\n<li><a href=\"https:\/\/www.youtube.com\/watch?v=nRVclavusq0\">\u00c9ducation de l\u2019enfance en difficult\u00e9&nbsp;101<\/a><\/li>\n\n\n\n<li><a href=\"https:\/\/www.youtube.com\/watch?v=xjzHt0TRrzQ\">Le Comit\u00e9 d&rsquo;identification, de placement et de r\u00e9vision (CIPR)<\/a><\/li>\n\n\n\n<li><a href=\"https:\/\/www.youtube.com\/watch?v=kbFpiMmEJ_Q\">Identification et placement pour l&rsquo;\u00e9tudiant<\/a><\/li>\n\n\n\n<li><a href=\"https:\/\/www.youtube.com\/watch?v=CzYxndZGr84\">Appels<\/a><\/li>\n\n\n\n<li><a href=\"https:\/\/www.youtube.com\/watch?v=QIkK4vbD9Yo\">Le&nbsp;plan d&rsquo;enseignement individualis\u00e9 (PEI)<\/a><\/li>\n<\/ul>\n\n\n\n<h3 class=\"wp-block-heading\">\u00c0 propos de ce projet<\/h3>\n\n\n\n<p>Am\u00e9liorer l&rsquo;acc\u00e8s \u00e0 l&rsquo;\u00e9ducation sp\u00e9cialis\u00e9e \u00e9tait un projet ax\u00e9 sur le d\u00e9veloppement de ressources pour aider les \u00e9l\u00e8ves et les familles \u00e0 s&rsquo;orienter dans le syst\u00e8me d&rsquo;\u00e9ducation sp\u00e9cialis\u00e9e. Nous avons entendu des \u00e9tudiants, des soignants, des \u00e9ducateurs et des soutiens communautaires parler de leurs exp\u00e9riences et de leur expertise dans la navigation dans les processus d&rsquo;\u00e9ducation sp\u00e9cialis\u00e9e. Les documents \u00e9labor\u00e9s \u00e9taient bas\u00e9s sur des commentaires et des recommandations. Merci \u00e0 tous les \u00e9l\u00e8ves, parents, soignants, travailleurs de soutien communautaire et \u00e9ducateurs pour votre implication. Ce projet a \u00e9t\u00e9 g\u00e9n\u00e9reusement financ\u00e9 par le minist\u00e8re de l&rsquo;\u00c9ducation de l&rsquo;Ontario.<\/p>\n\n\n\n<p>Instagram&nbsp;<a href=\"https:\/\/www.instagram.com\/jfcy.ease\/\" target=\"_blank\" rel=\"noreferrer noopener\">@jfcy.ease<\/a><\/p>\n\n\n\n<p><\/p>\n","protected":false},"excerpt":{"rendered":"<p>\u00c9ducation de l\u2019enfance en difficult\u00e9 Naviguer dans les processus d&rsquo;\u00e9ducation de l\u2019enfance en difficult\u00e9 peut \u00eatre difficile. JFCY a d\u00e9velopp\u00e9&mldr;<\/p>\n","protected":false},"author":2,"featured_media":0,"parent":0,"menu_order":0,"comment_status":"closed","ping_status":"closed","template":"","meta":{"_acf_changed":false,"footnotes":""},"class_list":["post-5854","page","type-page","status-publish","hentry"],"acf":[],"_links":{"self":[{"href":"https:\/\/jfcy.org\/fr\/wp-json\/wp\/v2\/pages\/5854","targetHints":{"allow":["GET"]}}],"collection":[{"href":"https:\/\/jfcy.org\/fr\/wp-json\/wp\/v2\/pages"}],"about":[{"href":"https:\/\/jfcy.org\/fr\/wp-json\/wp\/v2\/types\/page"}],"author":[{"embeddable":true,"href":"https:\/\/jfcy.org\/fr\/wp-json\/wp\/v2\/users\/2"}],"replies":[{"embeddable":true,"href":"https:\/\/jfcy.org\/fr\/wp-json\/wp\/v2\/comments?post=5854"}],"version-history":[{"count":0,"href":"https:\/\/jfcy.org\/fr\/wp-json\/wp\/v2\/pages\/5854\/revisions"}],"wp:attachment":[{"href":"https:\/\/jfcy.org\/fr\/wp-json\/wp\/v2\/media?parent=5854"}],"curies":[{"name":"wp","href":"https:\/\/api.w.org\/{rel}","templated":true}]}}