{"id":6021,"date":"2023-10-01T11:54:04","date_gmt":"2023-10-01T11:54:04","guid":{"rendered":"https:\/\/jfcy.org\/?page_id=6021"},"modified":"2025-09-24T20:16:58","modified_gmt":"2025-09-24T20:16:58","slug":"casa","status":"publish","type":"page","link":"https:\/\/jfcy.org\/fr\/casa\/","title":{"rendered":"Programme de soutien et de d\u00e9fense des arriv\u00e9es d&rsquo;enfants (CASA)"},"content":{"rendered":"\n<h2 class=\"wp-block-heading\"><strong>Programme de soutien et de d\u00e9fense des enfants sans statut d\u2019immigration (CASA)<\/strong><\/h2>\n\n\n\n<p class=\"has-large-font-size\">L\u2019CASA a quitt\u00e9 son domicile \u00e0 la clinique juridique Justice pour les enfants et les jeunes pour devenir son propre organisme ind\u00e9pendant \u00e0 but non lucratif\u00a0! Visitez leur nouveau site web :\u00a0<a href=\"https:\/\/casacentre.ca\/\" target=\"_blank\" rel=\"noreferrer noopener\">www.casacentre.ca<\/a><\/p>\n\n\n\n<p>Le programme de soutien et de plaidoyer pour les arriv\u00e9es d\u2019enfants (CASA) \u00e9tait bas\u00e9 \u00e0 JFCY de 2020 \u00e0 2025. Avec le soutien de la clinique, elle a d\u00e9ploy\u00e9 ses ailes et est devenue un organisme ind\u00e9pendant \u00e0 but non lucratif appel\u00e9 le&nbsp;<a href=\"https:\/\/casacentre.ca\/\">Centre canadien de soutien et de d\u00e9fense des enfants \u00e0 l\u2019arriv\u00e9e<\/a>&nbsp;(toujours connu sous le nom de \u00ab CASA \u00bb)&nbsp;!<\/p>\n\n\n\n<p>Pour acc\u00e9der aux services juridiques gratuits et confidentiels de l\u2019ACAE pour les jeunes, r\u00e9server l\u2019un des ateliers en classe ou des formations de perfectionnement professionnel de l\u2019ACAE, ou en savoir plus sur les efforts de d\u00e9fense syst\u00e9mique de l\u2019ACAE, veuillez visiter le site Web de l\u2019ACAE \u00e0&nbsp;<a href=\"https:\/\/jfcy.org\/en\/childhood-arrivals-support-and-advocacy-casa\/www.casacentre.ca\">l\u2019adresse www.casacentre.ca<\/a>.<\/p>\n\n\n\n<p>Vous pouvez envoyer un courriel \u00e0&nbsp;<a href=\"mailto:info@casacentre.ca\">l\u2019ACAE \u00e0 l\u2019adresse suivante info@casacentre.ca<\/a><\/p>\n\n\n\n<p>JFCY et l\u2019ACAE continuent de travailler en \u00e9troite collaboration pour s\u2019assurer que les jeunes ont acc\u00e8s aux services et pour changer les attitudes, les politiques et les lois qui cr\u00e9ent des obstacles pour les jeunes ayant un statut d\u2019immigration pr\u00e9caire ou sans statut d\u2019immigration.<\/p>\n\n\n\n<p><strong>JFCY continue d\u2019offrir une gamme compl\u00e8te de services juridiques aux enfants et aux jeunes de toute la province de l\u2019Ontario, y compris aux jeunes sans statut d\u2019immigration ou ayant un statut d\u2019immigration pr\u00e9caire. Pour plus d\u2019informations sur le processus d\u2019admission de JFCY,&nbsp;<a href=\"https:\/\/jfcy.org\/en\/about-us\/contact-us\/\">cliquez ici<\/a>.<\/strong><\/p>\n\n\n\n<p><\/p>\n","protected":false},"excerpt":{"rendered":"<p>Programme de soutien et de d\u00e9fense des enfants sans statut d\u2019immigration (CASA) L\u2019CASA a quitt\u00e9 son domicile \u00e0 la clinique&mldr;<\/p>\n","protected":false},"author":2,"featured_media":0,"parent":0,"menu_order":0,"comment_status":"closed","ping_status":"closed","template":"","meta":{"_acf_changed":false,"footnotes":""},"class_list":["post-6021","page","type-page","status-publish","hentry"],"acf":[],"_links":{"self":[{"href":"https:\/\/jfcy.org\/fr\/wp-json\/wp\/v2\/pages\/6021","targetHints":{"allow":["GET"]}}],"collection":[{"href":"https:\/\/jfcy.org\/fr\/wp-json\/wp\/v2\/pages"}],"about":[{"href":"https:\/\/jfcy.org\/fr\/wp-json\/wp\/v2\/types\/page"}],"author":[{"embeddable":true,"href":"https:\/\/jfcy.org\/fr\/wp-json\/wp\/v2\/users\/2"}],"replies":[{"embeddable":true,"href":"https:\/\/jfcy.org\/fr\/wp-json\/wp\/v2\/comments?post=6021"}],"version-history":[{"count":4,"href":"https:\/\/jfcy.org\/fr\/wp-json\/wp\/v2\/pages\/6021\/revisions"}],"predecessor-version":[{"id":7412,"href":"https:\/\/jfcy.org\/fr\/wp-json\/wp\/v2\/pages\/6021\/revisions\/7412"}],"wp:attachment":[{"href":"https:\/\/jfcy.org\/fr\/wp-json\/wp\/v2\/media?parent=6021"}],"curies":[{"name":"wp","href":"https:\/\/api.w.org\/{rel}","templated":true}]}}