{"id":6023,"date":"2023-10-01T11:54:16","date_gmt":"2023-10-01T11:54:16","guid":{"rendered":"https:\/\/jfcy.org\/?page_id=6023"},"modified":"2025-11-28T20:31:31","modified_gmt":"2025-11-28T20:31:31","slug":"education","status":"publish","type":"page","link":"https:\/\/jfcy.org\/fr\/education\/","title":{"rendered":"Promotion de l&rsquo;\u00e9ducation et navigation au Centre de justice"},"content":{"rendered":"\n<h2 class=\"wp-block-heading\">Programme de soutien \u00e0 l\u2019\u00e9ducation au Centre de justice de Toronto<\/h2>\n\n\n\n<p>Le d\u00e9fenseur de l\u2019\u00e9ducation (avocat) et le navigateur p\u00e9dagogique de JFCY font partie d\u2019une \u00e9quipe de partenaires sp\u00e9cialis\u00e9s en justice situ\u00e9s au sein du Centre de justice de Toronto \u2013 un projet pilote du minist\u00e8re du Procureur g\u00e9n\u00e9ral situ\u00e9 \u00e0 l\u2019origine dans l\u2019ancien tribunal du 2201 Finch, maintenant situ\u00e9 au 10, rue Armory palais de justice. Les centres de justice visent \u00e0 faire sortir la justice des salles d\u2019audience traditionnelles et \u00e0 l\u2019introduire dans la communaut\u00e9 afin de s\u2019attaquer aux causes profondes de la d\u00e9linquance criminelle. Le Centre de justice de Toronto regroupe un certain nombre de services et de soutiens communautaires pour les jeunes accus\u00e9s en vertu de la Loi sur le syst\u00e8me de justice p\u00e9nale pour les adolescents.<\/p>\n\n\n\n<p>Le r\u00f4le de l\u2019intervenant et du navigateur est d\u2019aider les jeunes qui sont confront\u00e9s au syst\u00e8me de justice p\u00e9nale pour adolescents en leur offrant un acc\u00e8s direct \u00e0 des soutiens et \u00e0 des services de formation sp\u00e9cialis\u00e9s en droit. Les jeunes \u00e0 l\u2019intersection de la justice p\u00e9nale pour les jeunes et du droit de l\u2019\u00e9ducation sont confront\u00e9s \u00e0 une gamme de probl\u00e8mes juridiques, sociaux et personnels complexes qui peuvent avoir un impact direct ou indirect sur leur scolarit\u00e9. L\u2019avocat et le navigateur sont int\u00e9gr\u00e9s au le Centre de justice de Toronto, o\u00f9 cette intersection est identifi\u00e9e comme un \u00e9l\u00e9ment important de l\u2019exp\u00e9rience des jeunes qui n\u00e9cessite l\u2019aide d\u2019un expert. Ils garantissent la fourniture de services significatifs, rapides et solides pour aider les jeunes \u00e0 acc\u00e9der \u00e0 l\u2019\u00e9ducation et pour soutenir la r\u00e9adaptation et la r\u00e9int\u00e9gration de mani\u00e8re \u00e0 am\u00e9liorer la s\u00e9curit\u00e9 et le bien-\u00eatre des communaut\u00e9s.<\/p>\n\n\n\n<p>L\u2019intervenant et le navigateur continuent de renforcer les partenariats communautaires et scolaires existants et \u00e9tablissent de nouveaux services et un soutien multidisciplinaire et adapt\u00e9 \u00e0 la culture pour nos clients. Au-del\u00e0 de la formation, les avocats du JFCY ont fourni des services juridiques, un soutien et des services de d\u00e9fense aux participants du Centre de justice dans une myriade de domaines de pratique, y compris la justice p\u00e9nale.<\/p>\n","protected":false},"excerpt":{"rendered":"<p>Programme de soutien \u00e0 l\u2019\u00e9ducation au Centre de justice de Toronto Le d\u00e9fenseur de l\u2019\u00e9ducation (avocat) et le navigateur p\u00e9dagogique&mldr;<\/p>\n","protected":false},"author":2,"featured_media":0,"parent":0,"menu_order":0,"comment_status":"closed","ping_status":"closed","template":"","meta":{"_acf_changed":false,"footnotes":""},"class_list":["post-6023","page","type-page","status-publish","hentry"],"acf":[],"_links":{"self":[{"href":"https:\/\/jfcy.org\/fr\/wp-json\/wp\/v2\/pages\/6023","targetHints":{"allow":["GET"]}}],"collection":[{"href":"https:\/\/jfcy.org\/fr\/wp-json\/wp\/v2\/pages"}],"about":[{"href":"https:\/\/jfcy.org\/fr\/wp-json\/wp\/v2\/types\/page"}],"author":[{"embeddable":true,"href":"https:\/\/jfcy.org\/fr\/wp-json\/wp\/v2\/users\/2"}],"replies":[{"embeddable":true,"href":"https:\/\/jfcy.org\/fr\/wp-json\/wp\/v2\/comments?post=6023"}],"version-history":[{"count":5,"href":"https:\/\/jfcy.org\/fr\/wp-json\/wp\/v2\/pages\/6023\/revisions"}],"predecessor-version":[{"id":7466,"href":"https:\/\/jfcy.org\/fr\/wp-json\/wp\/v2\/pages\/6023\/revisions\/7466"}],"wp:attachment":[{"href":"https:\/\/jfcy.org\/fr\/wp-json\/wp\/v2\/media?parent=6023"}],"curies":[{"name":"wp","href":"https:\/\/api.w.org\/{rel}","templated":true}]}}