{"id":6025,"date":"2023-10-01T11:54:26","date_gmt":"2023-10-01T11:54:26","guid":{"rendered":"https:\/\/jfcy.org\/?page_id=6025"},"modified":"2025-04-15T13:44:32","modified_gmt":"2025-04-15T13:44:32","slug":"ywf","status":"publish","type":"page","link":"https:\/\/jfcy.org\/fr\/ywf\/","title":{"rendered":"Your Way Forward (YWF)"},"content":{"rendered":"\n<h2 class=\"wp-block-heading\">Votre voie \u00e0 suivre (YWF)<\/h2>\n\n\n\n<p>Contexte&nbsp;: La pand\u00e9mie de COVID-19 a entra\u00een\u00e9 une augmentation des taux de violence bas\u00e9e sur le genre[1] (VBG) et une amplification des in\u00e9galit\u00e9s syst\u00e9miques et de longue date, y compris des lacunes dans la prestation de services aux survivants de VBG. Dans le cadre de la strat\u00e9gie du gouvernement du Canada visant \u00e0 combler ces lacunes et obstacles, un appel de propositions a \u00e9t\u00e9 lanc\u00e9 par le minist\u00e8re de la Justice pour les organisations souhaitant fournir des services juridiques holistiques (y compris des conseils et une repr\u00e9sentation juridiques ind\u00e9pendants) aux survivants de violence sexuelle et intime et de la violence conjugale.<\/p>\n\n\n\n<p>Apr\u00e8s avoir soumis une demande conjointe, JFCY et huit cliniques juridiques s\u0153urs ont r\u00e9ussi \u00e0 obtenir plus de quatre ans (de d\u00e9cembre 2021 \u00e0 mars 2026) de financement par l&rsquo;interm\u00e9diaire du Fonds d&rsquo;aide aux victimes et du Fonds judiciaire de partenariat et d&rsquo;innovation, avec un investissement total du minist\u00e8re de la Justice. de 6,6 millions de dollars. Notre projet collaboratif s\u2019appelle Your Way Forward.<\/p>\n\n\n\n<p>Collaboration de neuf cliniques juridiques : Pendant la dur\u00e9e du projet, les neuf cliniques partenaires fourniront des services juridiques \u00e9largis et un soutien aux survivants d&rsquo;agression sexuelle, de violence familiale et de violence conjugale dans les milieux urbains et ruraux de l&rsquo;Ontario.<\/p>\n\n\n\n<p>Les cliniques partenaires de Your Way Forward sont les suivantes&nbsp;:<\/p>\n\n\n\n<ul class=\"wp-block-list\">\n<li>Legal Assistance Windsor (LAW) \u00e0 Windsor<\/li>\n\n\n\n<li>Elgin Oxford Legal Clinic (EOLC) \u00e0 St. Thomas<\/li>\n\n\n\n<li>Community Legal Assistance Sarnia (CLAS) \u00e0 Sarnia<\/li>\n\n\n\n<li>Durham Community Legal Clinic (DCLC) \u00e0 Oshawa<\/li>\n\n\n\n<li>Peterborough Community Legal Centre (PCLC) \u00e0 Peterborough<\/li>\n\n\n\n<li>Northumberland Community Legal Centre (NCLC) \u00e0 Cobourg<\/li>\n\n\n\n<li>Community Legal &amp; Advocacy Centre (CALC) \u00e0 Belleville<\/li>\n\n\n\n<li><a href=\"https:\/\/www.acto.ca\/accueil\/\">Centre ontarien de d\u00e9fense des droits des locataires<\/a> (TDCP) \u00e0 Toronto<\/li>\n\n\n\n<li>Justice for Children and Youth (JFCY) \u00e0 Toronto<\/li>\n<\/ul>\n\n\n\n<p>Bien que la fourniture de services aux clients ayant \u00e9t\u00e9 victimes de VBG ne soit pas nouvelle pour les cliniques juridiques, ces ressources ont fourni un soutien suppl\u00e9mentaire indispensable en termes de personnel et ont mobilis\u00e9 une nouvelle \u00e9nergie et une nouvelle expertise. La premi\u00e8re \u00e9tape pour certaines de nos cliniques partenaires consiste \u00e0 r\u00e9aliser une analyse des besoins de la communaut\u00e9 afin de garantir que la prestation de services des cliniques est con\u00e7ue pour combler au mieux les lacunes observ\u00e9es sur le terrain dans la communaut\u00e9 locale. Nous fournirons des mises \u00e0 jour \u00e0 mesure que la prestation de services \u00e9voluera.<\/p>\n\n\n\n<p>Votre voie \u00e0 suivre et JFCY&nbsp;: JFCY a toujours fourni des services aux enfants et aux jeunes de l&rsquo;Ontario qui ont \u00e9t\u00e9 victimes, y compris les jeunes victimes de violence familiale, en particulier de violence familiale verticale, les victimes d&rsquo;agression sexuelle, de violence physique ou de violence familiale, et ceux exploit\u00e9s dans le commerce du sexe et la traite des \u00eatres humains. L\u2019exp\u00e9rience de la violence entra\u00eene des probl\u00e8mes juridiques directement li\u00e9s \u00e0 cette exp\u00e9rience, ainsi que toute une s\u00e9rie de probl\u00e8mes juridiques corollaires qui se posent \u2013 chacun se heurtant \u00e0 des obstacles \u00e0 l\u2019acc\u00e8s \u00e0 la justice et aggravant l\u2019exp\u00e9rience du traumatisme. Pour JFCY, ce financement et ce projet ont signifi\u00e9 l&rsquo;expansion de nos services et de nos capacit\u00e9s en augmentant notre personnel juridique par deux avocats exp\u00e9riment\u00e9s.<\/p>\n\n\n\n<p>JFCY est \u00e9galement le contact central de coordination pour l&rsquo;ensemble du projet. Le coordonnateur de Your Way Forward administre et g\u00e8re la subvention collaborative et dirige les efforts collectifs du groupe dans son ensemble, notamment en \u00e9tablissant des liens avec les parties prenantes provinciales concern\u00e9es et en organisant la communaut\u00e9 de pratique et le comit\u00e9 directeur du projet.<\/p>\n\n\n\n<p>Pour plus d&rsquo;informations sur Votre voie \u00e0 suivre, veuillez communiquer avec Miriam Roger, coordonnatrice de projet \u00e0 miriam.roger@jfcy.clcj.ca.<\/p>\n\n\n\n<p>[1] Voir : \u00abLes femmes en temps de pand\u00e9mie&nbsp;: les faits\u00bb, Fondation canadienne des femmes, 21 octobre 2022, <a href=\"https:\/\/canadianwomen.org\/the-facts\/women-and-pandemics\/\">https:\/\/canadianwomen.org\/the-facts\/women-and-pandemics\/<\/a>.<\/p>\n","protected":false},"excerpt":{"rendered":"<p>Votre voie \u00e0 suivre (YWF) Contexte&nbsp;: La pand\u00e9mie de COVID-19 a entra\u00een\u00e9 une augmentation des taux de violence bas\u00e9e sur&mldr;<\/p>\n","protected":false},"author":2,"featured_media":0,"parent":0,"menu_order":0,"comment_status":"closed","ping_status":"closed","template":"","meta":{"_acf_changed":false,"footnotes":""},"class_list":["post-6025","page","type-page","status-publish","hentry"],"acf":[],"_links":{"self":[{"href":"https:\/\/jfcy.org\/fr\/wp-json\/wp\/v2\/pages\/6025","targetHints":{"allow":["GET"]}}],"collection":[{"href":"https:\/\/jfcy.org\/fr\/wp-json\/wp\/v2\/pages"}],"about":[{"href":"https:\/\/jfcy.org\/fr\/wp-json\/wp\/v2\/types\/page"}],"author":[{"embeddable":true,"href":"https:\/\/jfcy.org\/fr\/wp-json\/wp\/v2\/users\/2"}],"replies":[{"embeddable":true,"href":"https:\/\/jfcy.org\/fr\/wp-json\/wp\/v2\/comments?post=6025"}],"version-history":[{"count":2,"href":"https:\/\/jfcy.org\/fr\/wp-json\/wp\/v2\/pages\/6025\/revisions"}],"predecessor-version":[{"id":7382,"href":"https:\/\/jfcy.org\/fr\/wp-json\/wp\/v2\/pages\/6025\/revisions\/7382"}],"wp:attachment":[{"href":"https:\/\/jfcy.org\/fr\/wp-json\/wp\/v2\/media?parent=6025"}],"curies":[{"name":"wp","href":"https:\/\/api.w.org\/{rel}","templated":true}]}}