{"id":6083,"date":"2023-10-03T14:39:12","date_gmt":"2023-10-03T14:39:12","guid":{"rendered":"https:\/\/jfcy.org\/?page_id=6083"},"modified":"2025-09-24T19:59:19","modified_gmt":"2025-09-24T19:59:19","slug":"nos-bailleurs-de-fonds","status":"publish","type":"page","link":"https:\/\/jfcy.org\/fr\/nos-bailleurs-de-fonds\/","title":{"rendered":"Nos bailleurs de fonds"},"content":{"rendered":"\n<h2 class=\"wp-block-heading\">Nos bailleurs de fonds<\/h2>\n\n\n\n<p class=\"has-large-font-size\"><\/p>\n\n\n\n<ul class=\"wp-block-list\">\n<li><strong>Aide juridique Ontario<\/strong>&nbsp;\u2013 notre principal bailleur de fonds<\/li>\n\n\n\n<li><strong>Minist\u00e8re de la Justice du Canada<\/strong>&nbsp;\u2013 Programme Votre avenir<\/li>\n\n\n\n<li><strong>Minist\u00e8re du Procureur g\u00e9n\u00e9ral de l\u2019Ontario<\/strong>&nbsp;\u2013 Programme de soutien \u00e0 l\u2019\u00e9ducation<\/li>\n\n\n\n<li><strong>Fondation Bulmash-Siegel<\/strong>, Laurence et Judy Siegel \u2013 Gestionnaire de cas<\/li>\n\n\n\n<li><strong>Fondation du droit de l\u2019Ontario<\/strong>,&nbsp;<strong>Programme Catalyseur<\/strong>&nbsp;\u2013 Programme CASA<\/li>\n\n\n\n<li><strong>Fondation Trillium de l\u2019Ontario<\/strong>,<strong>&nbsp;Fonds d\u2019innovation syst\u00e9mique<\/strong>&nbsp;\u2013 Projet d\u2019acc\u00e8s sans fronti\u00e8res \u00e0 l\u2019\u00e9ducation<\/li>\n\n\n\n<li><strong>La Fondation Emmanuelle Gattuso<\/strong>&nbsp;\u2013 Frais de demande d\u2019immigration des clients de l\u2019ACAE et d\u00e9penses connexes<\/li>\n\n\n\n<li><strong>Programme de contestation judiciare<\/strong>\u00a0\u2013 Contestation de l&rsquo;\u00e2ge du droit de vote<\/li>\n\n\n\n<li><strong>Jonathan Kahn et Anne Irwin<\/strong>&nbsp;\u2013 pour un don personnel important par l\u2019interm\u00e9diaire de Centraide<\/li>\n\n\n\n<li><strong>Bonnie Goldberg et les Amis de l\u2019ACAE<\/strong>&nbsp;\u2013 pour leurs dons g\u00e9n\u00e9reux et leur soutien continu \u00e0 l\u2019ACAE<\/li>\n<\/ul>\n\n\n\n<div class=\"wp-block-columns is-layout-flex wp-container-core-columns-is-layout-28f84493 wp-block-columns-is-layout-flex\">\n<div class=\"wp-block-column is-layout-flow wp-block-column-is-layout-flow\" style=\"flex-basis:66.66%\"><\/div>\n\n\n\n<div class=\"wp-block-column is-layout-flow wp-block-column-is-layout-flow\" style=\"flex-basis:33.33%\"><\/div>\n<\/div>\n","protected":false},"excerpt":{"rendered":"<p>Nos bailleurs de fonds<\/p>\n","protected":false},"author":2,"featured_media":0,"parent":0,"menu_order":0,"comment_status":"closed","ping_status":"closed","template":"","meta":{"_acf_changed":false,"footnotes":""},"class_list":["post-6083","page","type-page","status-publish","hentry"],"acf":[],"_links":{"self":[{"href":"https:\/\/jfcy.org\/fr\/wp-json\/wp\/v2\/pages\/6083","targetHints":{"allow":["GET"]}}],"collection":[{"href":"https:\/\/jfcy.org\/fr\/wp-json\/wp\/v2\/pages"}],"about":[{"href":"https:\/\/jfcy.org\/fr\/wp-json\/wp\/v2\/types\/page"}],"author":[{"embeddable":true,"href":"https:\/\/jfcy.org\/fr\/wp-json\/wp\/v2\/users\/2"}],"replies":[{"embeddable":true,"href":"https:\/\/jfcy.org\/fr\/wp-json\/wp\/v2\/comments?post=6083"}],"version-history":[{"count":5,"href":"https:\/\/jfcy.org\/fr\/wp-json\/wp\/v2\/pages\/6083\/revisions"}],"predecessor-version":[{"id":7403,"href":"https:\/\/jfcy.org\/fr\/wp-json\/wp\/v2\/pages\/6083\/revisions\/7403"}],"wp:attachment":[{"href":"https:\/\/jfcy.org\/fr\/wp-json\/wp\/v2\/media?parent=6083"}],"curies":[{"name":"wp","href":"https:\/\/api.w.org\/{rel}","templated":true}]}}