{"id":6089,"date":"2023-10-03T14:58:42","date_gmt":"2023-10-03T14:58:42","guid":{"rendered":"https:\/\/jfcy.org\/?page_id=6089"},"modified":"2025-04-15T14:02:59","modified_gmt":"2025-04-15T14:02:59","slug":"parlez-a-un-avocat","status":"publish","type":"page","link":"https:\/\/jfcy.org\/fr\/parlez-a-un-avocat\/","title":{"rendered":"Parlez \u00e0 un avocat"},"content":{"rendered":"\n<h2 class=\"wp-block-heading\">Parlez \u00e0 un avocat<\/h2>\n\n\n\n<p>Afin d\u2019obtenir des renseignements juridiques, utilisez la fonction de recherche et lisez le contenu de notre section sur vos&nbsp;droits ou t\u00e9l\u00e9chargez notre section <a href=\"https:\/\/jfcy.org\/fr\/publications\/\">Nos&nbsp;publications<\/a>.<\/p>\n\n\n\n<p>Communiquez avec nous afin de parler \u00e0 un avocat de votre situation si vous \u00eates \u00e2g\u00e9 de moins de 18&nbsp;ans ou si vous \u00eates itin\u00e9rant et \u00e2g\u00e9 de moins de 25&nbsp;ans et que vous habitez en Ontario.<\/p>\n\n\n\n<h3 class=\"wp-block-heading\">T\u00e9l\u00e9phone<\/h3>\n\n\n\n<p>RGT: 416-920-1633<br>Ailleurs en Ontario: 1-866-999-JFCY (5329)<br>N\u00b0 de t\u00e9l\u00e9copieur:&nbsp;416-920-5855<\/p>\n\n\n\n<p>Heures d&rsquo;accueil : Lundi, mardi, jeudi et vendredi (pas de mercredi) : 9h-12h et 13h-17h (fermeture pour le d\u00e9jeuner). Horaires d&rsquo;\u00e9t\u00e9 en juillet et ao\u00fbt : fermeture \u00e0 12 heures le vendredi.<\/p>\n\n\n\n<p>\u00c0 quoi s\u2019attendre lorsque vous appelez pour des conseils juridiques :<\/p>\n\n\n\n<ul class=\"wp-block-list\">\n<li>Un pr\u00e9pos\u00e9 \u00e0 l\u2019accueil notera vos coordonn\u00e9es et de brefs d\u00e9tails sur votre situation et vous indiquera quand vous attendre \u00e0 \u00eatre rappel\u00e9 par un avocat.<\/li>\n\n\n\n<li>Le pr\u00e9pos\u00e9 \u00e0 l\u2019accueil vous posera \u00e9galement des questions suppl\u00e9mentaires \u00e0 des fins de recherche \u2013 votre r\u00e9ponse n\u2019a aucune incidence sur les services qui vous sont fournis et nous ne partagerons aucune information permettant de vous identifier. Vous n\u2019\u00eates pas oblig\u00e9 de r\u00e9pondre \u00e0 ces questions.<\/li>\n\n\n\n<li>Les avocats de JFCY fournissent jusqu\u2019\u00e0 30 minutes de conseils juridiques sommaires gratuits par t\u00e9l\u00e9phone.<\/li>\n\n\n\n<li>Des services brefs suppl\u00e9mentaires et une repr\u00e9sentation juridique peuvent \u00eatre disponibles pour ceux qui r\u00e9pondent \u00e0 nos crit\u00e8res d\u2019admissibilit\u00e9. Nous faisons partie des cliniques de droit des pauvres d\u2019Aide juridique Ontario.<\/li>\n\n\n\n<li>JFCY ne fournit pas de services pour les poursuites civiles ; et g\u00e9n\u00e9ralement pas sur les questions de droit de la famille (<a href=\"https:\/\/www.ontario.ca\/fr\/page\/bureau-de-lavocat-des-enfants\">le&nbsp;Bureau de l\u2019avocat des enfants (<abbr>BAE<\/abbr>)<\/a>&nbsp;offre des services en droit de la famille).<\/li>\n<\/ul>\n\n\n\n<h3 class=\"wp-block-heading\">Courrier \u00e9lectronique<\/h3>\n\n\n\n<p><a href=\"mailto:info@jfcy.org\">general@jfcy.clcj.ca<\/a><\/p>\n\n\n\n<p>La bo\u00eete de r\u00e9ception g\u00e9n\u00e9rale est v\u00e9rifi\u00e9e au moins une fois toutes les deux semaines&nbsp;; appeler si votre demande est pour des conseils juridiques ou plus urgente. Nous ne r\u00e9pondrons pas aux demandes de conseils juridiques concernant une situation sp\u00e9cifique par courriel et vous devez appeler et parler \u00e0 notre pr\u00e9pos\u00e9 \u00e0 l\u2019accueil.<\/p>\n\n\n\n<h3 class=\"wp-block-heading\">Adresse &#8211; <em>Aucun service sans rendez-vous disponible<\/em><\/h3>\n\n\n\n<p>Justice for Children and Youth<br>Canadian Foundation for Children, Youth and the Law<\/p>\n\n\n\n<p>COVID-19 : aucun service sans rendez-vous disponible<\/p>\n\n\n\n<p>1500 \u2013 55 avenue University, Toronto, ON M5J 2H7 [Canada]<\/p>\n","protected":false},"excerpt":{"rendered":"<p>Parlez \u00e0 un avocat Afin d\u2019obtenir des renseignements juridiques, utilisez la fonction de recherche et lisez le contenu de notre&mldr;<\/p>\n","protected":false},"author":2,"featured_media":0,"parent":0,"menu_order":0,"comment_status":"closed","ping_status":"closed","template":"","meta":{"_acf_changed":false,"footnotes":""},"class_list":["post-6089","page","type-page","status-publish","hentry"],"acf":[],"_links":{"self":[{"href":"https:\/\/jfcy.org\/fr\/wp-json\/wp\/v2\/pages\/6089","targetHints":{"allow":["GET"]}}],"collection":[{"href":"https:\/\/jfcy.org\/fr\/wp-json\/wp\/v2\/pages"}],"about":[{"href":"https:\/\/jfcy.org\/fr\/wp-json\/wp\/v2\/types\/page"}],"author":[{"embeddable":true,"href":"https:\/\/jfcy.org\/fr\/wp-json\/wp\/v2\/users\/2"}],"replies":[{"embeddable":true,"href":"https:\/\/jfcy.org\/fr\/wp-json\/wp\/v2\/comments?post=6089"}],"version-history":[{"count":7,"href":"https:\/\/jfcy.org\/fr\/wp-json\/wp\/v2\/pages\/6089\/revisions"}],"predecessor-version":[{"id":7389,"href":"https:\/\/jfcy.org\/fr\/wp-json\/wp\/v2\/pages\/6089\/revisions\/7389"}],"wp:attachment":[{"href":"https:\/\/jfcy.org\/fr\/wp-json\/wp\/v2\/media?parent=6089"}],"curies":[{"name":"wp","href":"https:\/\/api.w.org\/{rel}","templated":true}]}}