{"id":617,"date":"2014-06-17T20:43:56","date_gmt":"2014-06-17T20:43:56","guid":{"rendered":"https:\/\/jfcy.org\/?page_id=617"},"modified":"2025-06-13T16:06:13","modified_gmt":"2025-06-13T16:06:13","slug":"a-propos-de-nous","status":"publish","type":"page","link":"https:\/\/jfcy.org\/fr\/a-propos-de-nous\/","title":{"rendered":"\u00c0 propos de nous"},"content":{"rendered":"\n<h2 class=\"wp-block-heading\">\u00c0 propos de JFCY<\/h2>\n\n\n\n<h3 class=\"wp-block-heading\">Qui nous sommes<\/h3>\n\n\n\n<p>Justice for Children and Youth (JFCY) est un organisme reconnu pour son travail dans la d\u00e9fense des droits des enfants.<\/p>\n\n\n\n<p>JFCY fournit des services de repr\u00e9sentation juridique aux enfants et aux jeunes dans la province de l\u2019Ontario. Nous sommes une clinique juridique \u00e0 but non lucratif sp\u00e9cialis\u00e9e dans la protection des droits des jeunes confront\u00e9s \u00e0 des conflits avec le syst\u00e8me judiciaire, le syst\u00e8me \u00e9ducatif, les services sociaux ou les services de sant\u00e9 mentale. Nous fournissons des conseils juridiques sommaires, des renseignements et de l\u2019aide aux jeunes, aux parents (en mati\u00e8re d\u2019\u00e9ducation), aux professionnels et aux organismes communautaires partout en Ontario.<\/p>\n\n\n\n<h3 class=\"wp-block-heading\">Ce que nous faisons<\/h3>\n\n\n\n<p>Justice for Children and Youth (JFCY) compte des avocats qui repr\u00e9sentent et d\u00e9fendent les jeunes de moins de 18 ans, ainsi que les jeunes de moins de 25 ans qui sont sans domicile stable ou qui ont un statut d\u2019immigration pr\u00e9caire. <strong>Si vous avez un probl\u00e8me juridique ou des questions, vous pouvez communiquez avec nous.<\/strong><\/p>\n\n\n\n<p>Les avocats de JFCY offrent de l&rsquo;assistance juridique directe dans tous les domaines du droit des enfants aux jeunes admissibles en Ontario. En plus de l\u2019assistance juridique, nous menons des activit\u00e9s de sensibilisation communautaire et d\u2019\u00e9ducation juridique publique. Nous offrons aussi des conseils juridiques sommaires, de l\u2019information et de l\u2019assistance aux jeunes, aux professionnels et aux groupes communautaires.<\/p>\n\n\n\n<p>JFCY interc\u00e8de pour la r\u00e9forme du droit et des politiques en plus de surveiller et de r\u00e9agir aux questions d\u2019actualit\u00e9 et des modifications propos\u00e9es aux lois qui touchent les enfants. De nombreuses ressources et de documentation juridique sont disponibles au grand public.<\/p>\n\n\n\n<h3 class=\"wp-block-heading\">Notre Mission<\/h3>\n\n\n\n<p>Chez Justice for Children and Youth (JFCY), nous fournissons des services juridiques centr\u00e9s sur l&rsquo;enfant qui am\u00e9liorent la justice et soutiennent l&rsquo;inclusion des enfants et des jeunes vuln\u00e9rables par le biais de :<\/p>\n\n\n\n<ul class=\"wp-block-list\">\n<li>Expertise et repr\u00e9sentation juridiques sp\u00e9cialis\u00e9es<\/li>\n\n\n\n<li>Un leadership en mati\u00e8re de r\u00e9forme syst\u00e9mique du droit et de plaidoyer<\/li>\n\n\n\n<li>L&rsquo;\u00e9ducation juridique et la sensibilisation<\/li>\n<\/ul>\n\n\n\n<h3 class=\"wp-block-heading\">Notre vision<\/h3>\n\n\n\n<p>Nous faisons progresser et prot\u00e9geons les droits juridiques et la dignit\u00e9 des enfants et des jeunes.<\/p>\n\n\n\n<h3 class=\"wp-block-heading\">Notre structure<\/h3>\n\n\n\n<p id=\"tw-target-text\">JFCY est le nom de fonctionnement de la Canadian Foundation for Children, Youth &amp; the Law, Inc. La fondation est une soci\u00e9t\u00e9 \u00e0 but non lucratif qui d\u00e9tient le statut d\u2019une \u0153uvre de bienfaisance. Elle est g\u00e9r\u00e9e par un conseil d\u2019administration qui sont \u00e9lus \u00e0 notre assembl\u00e9e g\u00e9n\u00e9rale annuelle. La soci\u00e9t\u00e9 est elle-m\u00eame constitu\u00e9e de membres qui paient une cotisation annuelle ou une cotisation unique \u00e0 la vie (membre donateur).<\/p>\n\n\n\n<p><\/p>\n","protected":false},"excerpt":{"rendered":"<p>\u00c0 propos de JFCY Qui nous sommes Justice for Children and Youth (JFCY) est un organisme reconnu pour son travail&mldr;<\/p>\n","protected":false},"author":2,"featured_media":0,"parent":0,"menu_order":0,"comment_status":"open","ping_status":"open","template":"","meta":{"_acf_changed":false,"footnotes":""},"class_list":["post-617","page","type-page","status-publish","hentry"],"acf":[],"_links":{"self":[{"href":"https:\/\/jfcy.org\/fr\/wp-json\/wp\/v2\/pages\/617","targetHints":{"allow":["GET"]}}],"collection":[{"href":"https:\/\/jfcy.org\/fr\/wp-json\/wp\/v2\/pages"}],"about":[{"href":"https:\/\/jfcy.org\/fr\/wp-json\/wp\/v2\/types\/page"}],"author":[{"embeddable":true,"href":"https:\/\/jfcy.org\/fr\/wp-json\/wp\/v2\/users\/2"}],"replies":[{"embeddable":true,"href":"https:\/\/jfcy.org\/fr\/wp-json\/wp\/v2\/comments?post=617"}],"version-history":[{"count":2,"href":"https:\/\/jfcy.org\/fr\/wp-json\/wp\/v2\/pages\/617\/revisions"}],"predecessor-version":[{"id":7364,"href":"https:\/\/jfcy.org\/fr\/wp-json\/wp\/v2\/pages\/617\/revisions\/7364"}],"wp:attachment":[{"href":"https:\/\/jfcy.org\/fr\/wp-json\/wp\/v2\/media?parent=617"}],"curies":[{"name":"wp","href":"https:\/\/api.w.org\/{rel}","templated":true}]}}