{"id":6583,"date":"2023-11-28T20:45:41","date_gmt":"2023-11-28T20:45:41","guid":{"rendered":"https:\/\/jfcy.org\/?page_id=6583"},"modified":"2023-11-28T20:52:09","modified_gmt":"2023-11-28T20:52:09","slug":"benevoles","status":"publish","type":"page","link":"https:\/\/jfcy.org\/fr\/benevoles\/","title":{"rendered":"B\u00e9n\u00e9voles"},"content":{"rendered":"\n<h2 class=\"wp-block-heading\">B\u00e9n\u00e9voles<\/h2>\n\n\n\n<p>JFCY n&rsquo;a pas d&rsquo;offres de b\u00e9n\u00e9volat pour le moment.<\/p>\n","protected":false},"excerpt":{"rendered":"<p>B\u00e9n\u00e9voles JFCY n&rsquo;a pas d&rsquo;offres de b\u00e9n\u00e9volat pour le moment.<\/p>\n","protected":false},"author":2,"featured_media":0,"parent":0,"menu_order":0,"comment_status":"closed","ping_status":"closed","template":"","meta":{"_acf_changed":false,"footnotes":""},"class_list":["post-6583","page","type-page","status-publish","hentry"],"acf":[],"_links":{"self":[{"href":"https:\/\/jfcy.org\/fr\/wp-json\/wp\/v2\/pages\/6583","targetHints":{"allow":["GET"]}}],"collection":[{"href":"https:\/\/jfcy.org\/fr\/wp-json\/wp\/v2\/pages"}],"about":[{"href":"https:\/\/jfcy.org\/fr\/wp-json\/wp\/v2\/types\/page"}],"author":[{"embeddable":true,"href":"https:\/\/jfcy.org\/fr\/wp-json\/wp\/v2\/users\/2"}],"replies":[{"embeddable":true,"href":"https:\/\/jfcy.org\/fr\/wp-json\/wp\/v2\/comments?post=6583"}],"version-history":[{"count":0,"href":"https:\/\/jfcy.org\/fr\/wp-json\/wp\/v2\/pages\/6583\/revisions"}],"wp:attachment":[{"href":"https:\/\/jfcy.org\/fr\/wp-json\/wp\/v2\/media?parent=6583"}],"curies":[{"name":"wp","href":"https:\/\/api.w.org\/{rel}","templated":true}]}}