{"id":6697,"date":"2023-11-29T20:28:38","date_gmt":"2023-11-29T20:28:38","guid":{"rendered":"https:\/\/jfcy.org\/?page_id=6697"},"modified":"2024-08-13T18:15:54","modified_gmt":"2024-08-13T18:15:54","slug":"fr-resources","status":"publish","type":"page","link":"https:\/\/jfcy.org\/fr\/fr-resources\/","title":{"rendered":"Nos ressources"},"content":{"rendered":"\n<h2 class=\"wp-block-heading\">Nos ressources<\/h2>\n\n\n\n<p>Cette section contient des documents sur les droits l\u00e9gaux disponibles pour t\u00e9l\u00e9chargement et distribution, des cas de test et des d\u00e9cisions de JFCY, des documents de politique et de position de JFCY, ainsi que des listes d&rsquo;autres organisations qui peuvent \u00eatre utiles.<\/p>\n\n\n\n<div class=\"wp-block-zp4-group bottom-spacing-1 block-spacing-1\"><div class=\"layout-container\"><\/div><\/div>\n\n\n\n<div class=\"wp-block-zp4-group block-spacing-2\"><div class=\"layout-container\">\n<div class=\"wp-block-zp4-cards has-3-columns\">\n<div class=\"wp-block-zp4-card\"><img loading=\"lazy\" decoding=\"async\" width=\"500\" height=\"200\" src=\"https:\/\/jfcy.org\/wp-content\/uploads\/sites\/2\/2023\/11\/Publications.png\" alt=\"\" class=\"wp-image-6709\" srcset=\"https:\/\/jfcy.org\/fr\/wp-content\/uploads\/sites\/2\/2023\/11\/Publications.png 500w, https:\/\/jfcy.org\/fr\/wp-content\/uploads\/sites\/2\/2023\/11\/Publications-300x120.png 300w, https:\/\/jfcy.org\/fr\/wp-content\/uploads\/sites\/2\/2023\/11\/Publications-259x104.png 259w\" sizes=\"auto, (max-width: 500px) 100vw, 500px\" \/><div class=\"content-container\">\n<h3 class=\"wp-block-heading heading has-large-font-size\"><a href=\"https:\/\/jfcy.org\/fr\/publications\/\" data-type=\"URL\">Publications<\/a><\/h3>\n\n\n\n<p class=\"has-small-font-size\">Les publications JFCY peuvent \u00eatre t\u00e9l\u00e9charg\u00e9es et distribu\u00e9es gratuitement. Contactez nous si vous avez des questions.<\/p>\n<\/div><\/div>\n\n\n\n<div class=\"wp-block-zp4-card\"><img decoding=\"async\" src=\"https:\/\/jfcy.org\/wp-content\/uploads\/2023\/11\/Videos-1.png\" alt=\"\" class=\"wp-image-12624\" \/><div class=\"content-container\">\n<h3 class=\"wp-block-heading heading has-large-font-size\"><a href=\"https:\/\/jfcy.org\/fr\/videos\/\">Vid\u00e9os<\/a><\/h3>\n\n\n\n<p class=\"has-small-font-size\">Vid\u00e9os sur les droits de l&rsquo;\u00e9ducation sp\u00e9ciale. <\/p>\n<\/div><\/div>\n\n\n\n<div class=\"wp-block-zp4-card\"><img loading=\"lazy\" decoding=\"async\" width=\"500\" height=\"200\" src=\"https:\/\/jfcy.org\/wp-content\/uploads\/sites\/2\/2023\/11\/Cases-Decisions.png\" alt=\"\" class=\"wp-image-6707\" srcset=\"https:\/\/jfcy.org\/fr\/wp-content\/uploads\/sites\/2\/2023\/11\/Cases-Decisions.png 500w, https:\/\/jfcy.org\/fr\/wp-content\/uploads\/sites\/2\/2023\/11\/Cases-Decisions-300x120.png 300w, https:\/\/jfcy.org\/fr\/wp-content\/uploads\/sites\/2\/2023\/11\/Cases-Decisions-259x104.png 259w\" sizes=\"auto, (max-width: 500px) 100vw, 500px\" \/><div class=\"content-container\">\n<h3 class=\"wp-block-heading heading has-large-font-size\"><a href=\"https:\/\/jfcy.org\/fr\/causes-decisions\/\">Causes &amp; D\u00e9cisions<\/a><\/h3>\n\n\n\n<p class=\"has-small-font-size\">Faits saillants de la repr\u00e9sentation par JFCY de clients individuels et de litiges li\u00e9s \u00e0 des causes types qui ont un impact sur les droits des enfants et des jeunes partout en Ontario et au Canada.<\/p>\n\n\n\n<p class=\"has-small-font-size\">Disponible en anglais uniquement.<\/p>\n<\/div><\/div>\n\n\n\n<div class=\"wp-block-zp4-card\"><img loading=\"lazy\" decoding=\"async\" width=\"500\" height=\"200\" src=\"https:\/\/jfcy.org\/wp-content\/uploads\/sites\/2\/2023\/11\/Policy-Position-papers.png\" alt=\"\" class=\"wp-image-6708\" srcset=\"https:\/\/jfcy.org\/fr\/wp-content\/uploads\/sites\/2\/2023\/11\/Policy-Position-papers.png 500w, https:\/\/jfcy.org\/fr\/wp-content\/uploads\/sites\/2\/2023\/11\/Policy-Position-papers-300x120.png 300w, https:\/\/jfcy.org\/fr\/wp-content\/uploads\/sites\/2\/2023\/11\/Policy-Position-papers-259x104.png 259w\" sizes=\"auto, (max-width: 500px) 100vw, 500px\" \/><div class=\"content-container\">\n<h3 class=\"wp-block-heading heading has-large-font-size\"><a href=\"https:\/\/jfcy.org\/policy-position-papers\/\">La politique officielle<\/a><\/h3>\n\n\n\n<p class=\"has-small-font-size\">La politique \u00e9crite et les expos\u00e9s de position de JFCY concernant la l\u00e9gislation, les r\u00e9glementations et autres politiques qui ont un impact sur les enfants et les jeunes.<\/p>\n\n\n\n<p class=\"has-small-font-size\">Disponible en anglais uniquement.<\/p>\n<\/div><\/div>\n\n\n\n<div class=\"wp-block-zp4-card\"><img loading=\"lazy\" decoding=\"async\" width=\"500\" height=\"200\" src=\"https:\/\/jfcy.org\/wp-content\/uploads\/sites\/2\/2023\/11\/5-1.png\" alt=\"\" class=\"wp-image-6706\" srcset=\"https:\/\/jfcy.org\/fr\/wp-content\/uploads\/sites\/2\/2023\/11\/5-1.png 500w, https:\/\/jfcy.org\/fr\/wp-content\/uploads\/sites\/2\/2023\/11\/5-1-300x120.png 300w, https:\/\/jfcy.org\/fr\/wp-content\/uploads\/sites\/2\/2023\/11\/5-1-259x104.png 259w\" sizes=\"auto, (max-width: 500px) 100vw, 500px\" \/><div class=\"content-container\">\n<h3 class=\"wp-block-heading heading has-large-font-size\"><a href=\"https:\/\/jfcy.org\/fr\/organisations\/\">Autres organismes qui peuvent vous aide<\/a><\/h3>\n\n\n\n<p class=\"has-small-font-size\">Autres organisations qui fournissent du soutien et du plaidoyer.<\/p>\n<\/div><\/div>\n<\/div>\n\n\n\n<p><\/p>\n\n\n\n<div class=\"wp-block-zp4-cards-featured has-3-columns\">\n<div class=\"wp-block-zp4-card-featured\"><div class=\"image-container\"><img loading=\"lazy\" decoding=\"async\" width=\"500\" height=\"250\" src=\"https:\/\/jfcy.org\/fr\/wp-content\/uploads\/sites\/2\/2023\/12\/Bottom-1-widget-legal-rights-1.png\" alt=\"\" class=\"wp-image-7095\" srcset=\"https:\/\/jfcy.org\/fr\/wp-content\/uploads\/sites\/2\/2023\/12\/Bottom-1-widget-legal-rights-1.png 500w, https:\/\/jfcy.org\/fr\/wp-content\/uploads\/sites\/2\/2023\/12\/Bottom-1-widget-legal-rights-1-300x150.png 300w, https:\/\/jfcy.org\/fr\/wp-content\/uploads\/sites\/2\/2023\/12\/Bottom-1-widget-legal-rights-1-259x130.png 259w, https:\/\/jfcy.org\/fr\/wp-content\/uploads\/sites\/2\/2023\/12\/Bottom-1-widget-legal-rights-1-420x210.png 420w\" sizes=\"auto, (max-width: 500px) 100vw, 500px\" \/><\/div><div class=\"content-container\">\n<h3 class=\"wp-block-heading heading\"><a href=\"https:\/\/jfcy.org\/fr\/vos-droits-wiki\/\">Vos droits l\u00e9gaux<\/a><\/h3>\n\n\n\n<p>Conna\u00eetre ses droits dans les diff\u00e9rents domaines du droit<\/p>\n<\/div><\/div>\n\n\n\n<div class=\"wp-block-zp4-card-featured\"><div class=\"image-container\"><img loading=\"lazy\" decoding=\"async\" width=\"500\" height=\"250\" src=\"https:\/\/jfcy.org\/fr\/wp-content\/uploads\/sites\/2\/2023\/12\/Bottom-2-widget-publications.png\" alt=\"\" class=\"wp-image-7093\" srcset=\"https:\/\/jfcy.org\/fr\/wp-content\/uploads\/sites\/2\/2023\/12\/Bottom-2-widget-publications.png 500w, https:\/\/jfcy.org\/fr\/wp-content\/uploads\/sites\/2\/2023\/12\/Bottom-2-widget-publications-300x150.png 300w, https:\/\/jfcy.org\/fr\/wp-content\/uploads\/sites\/2\/2023\/12\/Bottom-2-widget-publications-259x130.png 259w, https:\/\/jfcy.org\/fr\/wp-content\/uploads\/sites\/2\/2023\/12\/Bottom-2-widget-publications-420x210.png 420w\" sizes=\"auto, (max-width: 500px) 100vw, 500px\" \/><\/div><div class=\"content-container\">\n<h3 class=\"wp-block-heading heading\"><a href=\"https:\/\/jfcy.org\/fr\/a-propos-de-nous\/devenez-membre\/\">Rejoindre<\/a><\/h3>\n\n\n\n<p>Devenez membre et rejoignez notre communaut\u00e9<\/p>\n<\/div><\/div>\n\n\n\n<div class=\"wp-block-zp4-card-featured\"><div class=\"image-container\"><img loading=\"lazy\" decoding=\"async\" width=\"500\" height=\"250\" src=\"https:\/\/jfcy.org\/fr\/wp-content\/uploads\/sites\/2\/2023\/12\/Bottom-3-widget-donate-2.png\" alt=\"\" class=\"wp-image-7097\" srcset=\"https:\/\/jfcy.org\/fr\/wp-content\/uploads\/sites\/2\/2023\/12\/Bottom-3-widget-donate-2.png 500w, https:\/\/jfcy.org\/fr\/wp-content\/uploads\/sites\/2\/2023\/12\/Bottom-3-widget-donate-2-300x150.png 300w, https:\/\/jfcy.org\/fr\/wp-content\/uploads\/sites\/2\/2023\/12\/Bottom-3-widget-donate-2-259x130.png 259w, https:\/\/jfcy.org\/fr\/wp-content\/uploads\/sites\/2\/2023\/12\/Bottom-3-widget-donate-2-420x210.png 420w\" sizes=\"auto, (max-width: 500px) 100vw, 500px\" \/><\/div><div class=\"content-container\">\n<h3 class=\"wp-block-heading heading\"><a href=\"https:\/\/jfcy.org\/fr\/a-propos-de-nous\/donner\/\" data-type=\"URL\" data-id=\"donate\">Faites un don<\/a><\/h3>\n\n\n\n<p>Aider les enfants et les jeunes \u00e0 \u00eatre en s\u00e9curit\u00e9<\/p>\n<\/div><\/div>\n<\/div>\n<\/div><\/div>\n","protected":false},"excerpt":{"rendered":"<p>Nos ressources Cette section contient des documents sur les droits l\u00e9gaux disponibles pour t\u00e9l\u00e9chargement et distribution, des cas de test&mldr;<\/p>\n","protected":false},"author":2,"featured_media":0,"parent":0,"menu_order":0,"comment_status":"closed","ping_status":"closed","template":"","meta":{"_acf_changed":false,"footnotes":""},"class_list":["post-6697","page","type-page","status-publish","hentry"],"acf":[],"_links":{"self":[{"href":"https:\/\/jfcy.org\/fr\/wp-json\/wp\/v2\/pages\/6697","targetHints":{"allow":["GET"]}}],"collection":[{"href":"https:\/\/jfcy.org\/fr\/wp-json\/wp\/v2\/pages"}],"about":[{"href":"https:\/\/jfcy.org\/fr\/wp-json\/wp\/v2\/types\/page"}],"author":[{"embeddable":true,"href":"https:\/\/jfcy.org\/fr\/wp-json\/wp\/v2\/users\/2"}],"replies":[{"embeddable":true,"href":"https:\/\/jfcy.org\/fr\/wp-json\/wp\/v2\/comments?post=6697"}],"version-history":[{"count":7,"href":"https:\/\/jfcy.org\/fr\/wp-json\/wp\/v2\/pages\/6697\/revisions"}],"predecessor-version":[{"id":7313,"href":"https:\/\/jfcy.org\/fr\/wp-json\/wp\/v2\/pages\/6697\/revisions\/7313"}],"wp:attachment":[{"href":"https:\/\/jfcy.org\/fr\/wp-json\/wp\/v2\/media?parent=6697"}],"curies":[{"name":"wp","href":"https:\/\/api.w.org\/{rel}","templated":true}]}}