{"id":688,"date":"2014-06-18T17:44:36","date_gmt":"2014-06-18T17:44:36","guid":{"rendered":"https:\/\/jfcy.org\/?page_id=688"},"modified":"2025-11-04T17:23:48","modified_gmt":"2025-11-04T17:23:48","slug":"donner","status":"publish","type":"page","link":"https:\/\/jfcy.org\/fr\/a-propos-de-nous\/donner\/","title":{"rendered":"Faites un don"},"content":{"rendered":"<p><script id=\"ch_cdn_embed\" type=\"text\/javascript\" src=\"https:\/\/www.canadahelps.org\/secure\/js\/cdf_embed.2.js\" charSet=\"utf-8\" data-language=\"fr\" data-page-id=\"8783\" data-root-url=\"https:\/\/www.canadahelps.org\" data-formtype=\"0\" data-cfasync=\"false\"><\/script><\/p>\n\n\n<h2 class=\"wp-block-heading\" id=\"tw-target-text\">Merci de consid\u00e9rer un cadeau \u00e0 JFCY<\/h2>\n\n\n\n<p>Justice for Children and Youth est le nom de fonctionnement de notre soci\u00e9t\u00e9 de bienfaisance et tous les dons \u00e0 la Fondation sont d\u00e9ductibles d\u2019imp\u00f4t.<\/p>\n\n\n\n<p><strong>Vous pouvez envoyer<\/strong> <strong>un don<\/strong> \u00e0 la \u00ab\u00a0Canadian Foundation for Children, Youth &amp; the Law\u00a0\u00bb \u00e0: Justice for Children and Youth, 55, rue University, bureau 1500, Toronto, Ontario M5J 2H7<\/p>\n\n\n\n<p><strong>Pour discuter du soutien d&rsquo;entreprise ou pour toute autre demande de don<\/strong>, veuillez contacter notre directrice de bureau, Karien Gibson au 416-920-1633 ou karien.gibson@jfcy.clcj.ca<\/p>\n","protected":false},"excerpt":{"rendered":"<p>Merci de consid\u00e9rer un cadeau \u00e0 JFCY Justice for Children and Youth est le nom de fonctionnement de notre soci\u00e9t\u00e9&mldr;<\/p>\n","protected":false},"author":2,"featured_media":0,"parent":617,"menu_order":0,"comment_status":"open","ping_status":"closed","template":"","meta":{"_acf_changed":false,"footnotes":""},"class_list":["post-688","page","type-page","status-publish","hentry"],"acf":[],"_links":{"self":[{"href":"https:\/\/jfcy.org\/fr\/wp-json\/wp\/v2\/pages\/688","targetHints":{"allow":["GET"]}}],"collection":[{"href":"https:\/\/jfcy.org\/fr\/wp-json\/wp\/v2\/pages"}],"about":[{"href":"https:\/\/jfcy.org\/fr\/wp-json\/wp\/v2\/types\/page"}],"author":[{"embeddable":true,"href":"https:\/\/jfcy.org\/fr\/wp-json\/wp\/v2\/users\/2"}],"replies":[{"embeddable":true,"href":"https:\/\/jfcy.org\/fr\/wp-json\/wp\/v2\/comments?post=688"}],"version-history":[{"count":1,"href":"https:\/\/jfcy.org\/fr\/wp-json\/wp\/v2\/pages\/688\/revisions"}],"predecessor-version":[{"id":7445,"href":"https:\/\/jfcy.org\/fr\/wp-json\/wp\/v2\/pages\/688\/revisions\/7445"}],"up":[{"embeddable":true,"href":"https:\/\/jfcy.org\/fr\/wp-json\/wp\/v2\/pages\/617"}],"wp:attachment":[{"href":"https:\/\/jfcy.org\/fr\/wp-json\/wp\/v2\/media?parent=688"}],"curies":[{"name":"wp","href":"https:\/\/api.w.org\/{rel}","templated":true}]}}