{"id":697,"date":"2014-06-18T18:02:23","date_gmt":"2014-06-18T18:02:23","guid":{"rendered":"https:\/\/jfcy.org\/?page_id=697"},"modified":"2025-04-14T18:22:42","modified_gmt":"2025-04-14T18:22:42","slug":"syls","status":"publish","type":"page","link":"https:\/\/jfcy.org\/fr\/syls\/","title":{"rendered":"Services juridiques pour les jeunes de la rue (SYLS)"},"content":{"rendered":"\n<h2 class=\"wp-block-heading\">Services juridiques pour les jeunes de la rue (SYLS)<\/h2>\n\n\n\n<p>Le SYLS est un programme qui offre des renseignements juridiques, des conseils et de l\u2019orientation pour les jeunes de la rue par l\u2019interm\u00e9diaire d\u2019ateliers et de consultations individuelles.<\/p>\n\n\n\n<p>Les jeunes de la rue ont souvent des probl\u00e8mes juridiques multiples et interconnect\u00e9s. Nos clients \u00e9prouvent de la difficult\u00e9 \u00e0 obtenir l\u2019aide dont ils ont besoin en raison des nombreux obstacles qui comprennent le manque de ressources financi\u00e8res, l\u2019isolement social et la m\u00e9fiance. Le SYLS offre des services juridiques directement aux jeunes de la rue qui se trouvent dans les centres de jour, les refuges et les endroits o\u00f9 ils se regroupent pour acc\u00e9der aux autres services et \u00e0 des soins de sant\u00e9, de la nourriture, de l\u2019aide avec la recherche d\u2019emplois et du counseling. Notre objectif est d\u2019\u00e9duquer les jeunes gens au sujet de la valeur du droit pour donner une voix \u00e0 nos citoyens les plus vuln\u00e9rables. Le SYLS est un chef de file pour ce qui est de l\u2019\u00e9ducation juridique et des activit\u00e9s de r\u00e9formes de doit \u00e0 l\u2019intention des jeunes et des personnes qui d\u00e9fendent les droits des jeunes de la rue. Pour plus de renseignements au sujet du SYLS, veuillez communiquer avec nous.<\/p>\n\n\n\n<h3 class=\"wp-block-heading\">Services juridiques<\/h3>\n\n\n\n<p>L\u2019avocat du SYLS offrira des renseignements juridiques, des conseils et de l\u2019orientation \u00e0 tous les jeunes de la rue qui communiquent directement avec le JFCY ou par l\u2019interm\u00e9diaire des centres de jour.<\/p>\n\n\n\n<p>Lorsque nous acceptons des clients pour leur offrir de la repr\u00e9sentation juridique, les facteurs suivants seront pris en consid\u00e9ration pour d\u00e9cider si un avocat du SYLS sera en mesure d\u2019aider le client&nbsp;:<\/p>\n\n\n\n<ul class=\"wp-block-list\">\n<li>S\u2019agit-il d\u2019un probl\u00e8me juridique qui est un probl\u00e8me chronique parmi la population SYLS?<\/li>\n\n\n\n<li>Est-ce que le probl\u00e8me juridique est particulier \u00e0 cette population?<\/li>\n\n\n\n<li>Est-ce un type de probl\u00e8me juridique pour lequel le client n\u2019a pas d\u2019endroit auquel se tourner afin d\u2019obtenir de la repr\u00e9sentation ou de l\u2019assistance juridique de fa\u00e7on coordonn\u00e9e?<\/li>\n\n\n\n<li>Le client a-t-il des vuln\u00e9rabilit\u00e9s particuli\u00e8res (ex.&nbsp;: \u00e2ge\/invalidit\u00e9\/marginalit\u00e9) qui rend difficile voire impossible d\u2019obtenir acc\u00e8s \u00e0 d\u2019autres soutiens juridiques?<\/li>\n\n\n\n<li>Est-ce que l\u2019avocat du SYLS a le temps, les ressources et l\u2019expertise pour repr\u00e9senter le client?<\/li>\n<\/ul>\n\n\n\n<p><em>Services disponibles avec l&rsquo;aide de traducteur anglais-fran\u00e7ais.<\/em><\/p>\n\n\n\n<h3 class=\"wp-block-heading has-large-font-size\">Horaire de l\u2019avocat du SYLS<\/h3>\n\n\n\n<ul class=\"wp-block-list\">\n<li><strong>Chaque deuxi\u00e8me mardi (en alternance)<\/strong>\u00a0: 13\u00a0h \u2013 14\u00a0h\u00a030\u00a0: Halte-accueil YMCA (7, rue Vanauley)<\/li>\n\n\n\n<li><strong>Tous les jeudis<\/strong>\u00a0: 13h \u2013 14\u00a0h\u00a030 \u2013 Evergreen Centre for Street Youth (365, avenue Spadina)<\/li>\n\n\n\n<li><strong>Premier mercredi de chaque mois<\/strong>\u00a0: 16\u00a0h\u00a030 \u2013 17\u00a0h\u00a030 \u2014 Centre de ressources pour jeunes autochtones (655, rue Bloor Ouest)<\/li>\n\n\n\n<li><strong>Tous les vendredis<\/strong>\u00a0: 12\u00a0h \u2013 13\u00a0h\u00a030 \u2014 Covenant House (20, rue Gerrard Est)<\/li>\n<\/ul>\n\n\n\n<h3 class=\"wp-block-heading\">Ateliers d\u2019\u00e9ducation juridique pour les jeunes et le personnel des agences<\/h3>\n\n\n\n<p>L\u2019avocat du SYLS offre des ateliers d\u2019\u00e9ducation juridique sur une multitude de sujets con\u00e7us selon les besoins identifi\u00e9s. Si vous d\u00e9sirez r\u00e9server un atelier avec l\u2019avocat du SYLS, veuillez communiquer avec nous. <em>Pr\u00e9sentations de l&rsquo;atelier sont disponibles en anglais seulement.<\/em><\/p>\n\n\n\n<p><a href=\"https:\/\/jfcy.org\/PDFs\/SYLS_privacy_and_street_stops_presentation_2012.pdf\">Pr\u00e9sentation de l\u2019avocat du SYLS- Le droit \u00e0 la vie priv\u00e9e et les arrestations dans les rues, 2012 (Privacy and Street Stops, 2012<\/a>) (en anglais seulement)<\/p>\n\n\n\n<h3 class=\"wp-block-heading\">D\u00e9veloppement communautaire et la r\u00e9forme du droit<\/h3>\n\n\n\n<p>En plus de si\u00e9ger sur les comit\u00e9s consultatifs pour les projets visant l\u2019itin\u00e9rance chez les jeunes, le SYLS pilote deux projets actifs de d\u00e9veloppement communautaire et de r\u00e9forme de droit.<\/p>\n\n\n\n<h3 class=\"wp-block-heading has-large-font-size\">43%, 57% et protection de l\u2019enfance<\/h3>\n\n\n\n<p>En 2011, le SYLS, le R\u00e9seau canadien de recherches sur l\u2019itin\u00e9rance et Chez toit se sont r\u00e9unis pour discuter de la situation scandaleuse r\u00e9v\u00e9l\u00e9e par plusieurs \u00e9tudes et de rapports anecdotiques- 43 % des jeunes de la rue ont eu des interactions avec les organismes qui s\u2019occupent de la protection de l\u2019enfance. Tous ensemble nous formons un comit\u00e9 directeur qui s\u2019intitule \u00ab&nbsp;43 %&nbsp;\u00bb pour entreprendre de la recherche, du d\u00e9veloppement communautaire et des activit\u00e9s de r\u00e9forme du droit et des politiques. Cette ann\u00e9e nous poursuivons la recherche avec une \u00e9quipe d\u2019\u00e9tudiants de Pro Bono Students of Canada.&nbsp; Nous cherchons \u00e9galement \u00e0 tisser des liens avec d\u2019autres parties int\u00e9ress\u00e9es par l\u2019am\u00e9lioration du bien-\u00eatre et de la s\u00e9curit\u00e9 des jeunes itin\u00e9rants qui quittent les services de la protection de l\u2019enfance ou qui deviennent itin\u00e9rants \u00e0 un jeune \u00e2ge sans l\u2019aide des agences de protection de l\u2019enfance.<\/p>\n\n\n\n<p>Pr\u00e9sentation de l\u2019avocat du SYLS &#8211;&nbsp;<a href=\"https:\/\/jfcy.org\/PDFs\/43childwelfarereform2012.pdf\">43% and what about the other 57%<\/a>, 2012 (en anglais seulement)<\/p>\n\n\n\n<p><a href=\"https:\/\/jfcy.org\/PDFs\/Youth_Leaving_Care_Hearings_JFCY_Submission_14_10_11.pdf\">Submission to Provincial Child Advocate\u2019s Youth Leaving Care Hearings<\/a>, 2011 (en anglais seulement)<\/p>\n\n\n\n<h3 class=\"wp-block-heading has-large-font-size\">Groupe de jeunes et les forces de l\u2019ordre<\/h3>\n\n\n\n<p>\u00c0 partir des consultations avec les jeunes de la rue dans les derniers deux ans, nos activit\u00e9s de r\u00e9forme du droit et de d\u00e9fenses des droits pour 2012-13 viseront les dossiers d\u2019adolescents, la pratique de la police de demander des renseignements personnels (carding) et les droits de la personne, les infractions provinciales et les contraventions et l\u2019\u00e9laboration d\u2019une d\u00e9finition ad hoc de la jeunesse.<\/p>\n\n\n\n<p>En anglais seulement:<\/p>\n\n\n\n<ul class=\"wp-block-list\">\n<li><a href=\"https:\/\/jfcy.org\/PDFs\/Ltr_to_TPSB_Street_Checks_Youth_Racial_Profiling_14Nov2012.pdf\">JFCY letter to the Toronto Police Services Board on carding \u2013 Nov. 14, 2012<\/a><\/li>\n\n\n\n<li>Consultez la d\u00e9l\u00e9gation du JFCY au sujet de la jeunesse et du profilage raciale \u00e0 59:00 min. en ligne \u00e0 : <a href=\"http:\/\/www.rogerstv.com\/page.aspx?lid=237&amp;rid=16&amp;sid=3431&amp;gid=104070\">http:\/\/www.rogerstv.com\/page.aspx?lid=237&amp;rid=16&amp;sid=3431&amp;gid=104070<\/a><\/li>\n\n\n\n<li>Consultez la d\u00e9l\u00e9gation du JFCY sur les dossiers d\u2019adolescents \u00e0 254:50:00 en ligne \u00e0 : <a href=\"http:\/\/www.rogerstv.com\/page.aspx?lid=237&amp;rid=16&amp;sid=3431&amp;gid=104070\">http:\/\/www.rogerstv.com\/page.aspx?lid=237&amp;rid=16&amp;sid=3431&amp;gid=104070<\/a><\/li>\n\n\n\n<li><a href=\"https:\/\/jfcy.org\/PDFs\/LetterTPSoncarding2012.pdf\">JFCY letter to the Toronto Police Services Board on carding \u2013 March 22, 2012<\/a><\/li>\n<\/ul>\n\n\n\n<h3 class=\"wp-block-heading\">Rapports et autre documentation (en anglais seulement)<\/h3>\n\n\n\n<ul class=\"wp-block-list\">\n<li><a href=\"http:\/\/www.homelesshub.ca\/ResourceFiles\/CanISeeYourID_nov9.pdf\">Can I See Your ID? The Policing of Youth Homelessness in Toronto, 2011<\/a>: par Stephen Gaetz, Bill O\u2019Grady et Kristy Buccieri, dirig\u00e9 en partenariat avec le JFCY.<\/li>\n\n\n\n<li><a href=\"https:\/\/jfcy.org\/PDFs\/SYLS_Surviving_the_Streets_2010.pdf\">Surviving Crime and Violence: Street Youth and Victimization in Toronto, Report, 2010<\/a>&nbsp;&nbsp;et la documentation \u00e0 l\u2019appui&nbsp;<a href=\"https:\/\/jfcy.org\/PDFs\/SYLS_TownHallPresentation_2010.ppt\">Town Hall Presentation, 2010<\/a>.<\/li>\n\n\n\n<li><a href=\"https:\/\/jfcy.org\/plasticcards.html\">Homelessness Youth and Access to Justice Report<\/a>, 2002<\/li>\n<\/ul>\n\n\n\n<h3 class=\"wp-block-heading\">S&rsquo;il vous pla\u00eet visitez nos <a href=\"https:\/\/jfcy.org\/?p=249\" target=\"_blank\" rel=\"noreferrer noopener\">publications<\/a> et <a href=\"https:\/\/jfcy.org\/?p=267\" target=\"_blank\" rel=\"noreferrer noopener\">vos droits l\u00e9gaux<\/a> pour de l&rsquo;information sur les droits juridiques.<\/h3>\n\n\n\n<p><\/p>\n","protected":false},"excerpt":{"rendered":"<p>Services juridiques pour les jeunes de la rue (SYLS) Le SYLS est un programme qui offre des renseignements juridiques, des&mldr;<\/p>\n","protected":false},"author":2,"featured_media":0,"parent":0,"menu_order":0,"comment_status":"open","ping_status":"open","template":"","meta":{"_acf_changed":false,"footnotes":""},"class_list":["post-697","page","type-page","status-publish","hentry"],"acf":[],"_links":{"self":[{"href":"https:\/\/jfcy.org\/fr\/wp-json\/wp\/v2\/pages\/697","targetHints":{"allow":["GET"]}}],"collection":[{"href":"https:\/\/jfcy.org\/fr\/wp-json\/wp\/v2\/pages"}],"about":[{"href":"https:\/\/jfcy.org\/fr\/wp-json\/wp\/v2\/types\/page"}],"author":[{"embeddable":true,"href":"https:\/\/jfcy.org\/fr\/wp-json\/wp\/v2\/users\/2"}],"replies":[{"embeddable":true,"href":"https:\/\/jfcy.org\/fr\/wp-json\/wp\/v2\/comments?post=697"}],"version-history":[{"count":2,"href":"https:\/\/jfcy.org\/fr\/wp-json\/wp\/v2\/pages\/697\/revisions"}],"predecessor-version":[{"id":7345,"href":"https:\/\/jfcy.org\/fr\/wp-json\/wp\/v2\/pages\/697\/revisions\/7345"}],"wp:attachment":[{"href":"https:\/\/jfcy.org\/fr\/wp-json\/wp\/v2\/media?parent=697"}],"curies":[{"name":"wp","href":"https:\/\/api.w.org\/{rel}","templated":true}]}}