{"id":709,"date":"2014-06-18T18:19:55","date_gmt":"2014-06-18T18:19:55","guid":{"rendered":"https:\/\/jfcy.org\/?page_id=709"},"modified":"2025-09-30T19:01:46","modified_gmt":"2025-09-30T19:01:46","slug":"communautaire","status":"publish","type":"page","link":"https:\/\/jfcy.org\/fr\/dans-la-communaute\/communautaire\/","title":{"rendered":"Notre engagement communautaire"},"content":{"rendered":"\n<h2 class=\"wp-block-heading\">Notre engagement communautaire<\/h2>\n\n\n\n<p>Dans le cadre de la vision de JFCY, nous sommes impliqu\u00e9s aupr\u00e8s d\u2019un large \u00e9ventail de personnes et d\u2019organisations communautaires, \u00e9ducatives et professionnelles de nombreux secteurs. Nous participons \u00e0 un certain nombre de partenariats en cours et nous participons continuellement \u00e0 de nouvelles initiatives et \u00e0 des consultations.<\/p>\n\n\n\n<p>Au cours de la derni\u00e8re ann\u00e9e, nous avons :<\/p>\n\n\n\n<p><strong>Conseil d\u2019administration<\/strong>&nbsp;:<\/p>\n\n\n\n<ul class=\"wp-block-list\">\n<li>Coalition canadienne pour les droits des enfants (et tr\u00e9sori\u00e8re)<\/li>\n\n\n\n<li>Association canadienne pour l\u2019\u00e9tude pratique du droit en \u00e9ducation<\/li>\n\n\n\n<li>Un chez-soi au Canada<\/li>\n<\/ul>\n\n\n\n<p><strong>Professionnel:<\/strong><\/p>\n\n\n\n<ul class=\"wp-block-list\">\n<li>Si\u00e9ger \u00e0 l\u2019ex\u00e9cutif du d\u00e9partement Droit de l\u2019enfance et de la jeunesse de l\u2019Association du Barreau de l\u2019Ontario&nbsp;; Constitutionnel, libert\u00e9s civiles et droits de l\u2019homme&nbsp;; et le droit de l\u2019\u00e9ducation<\/li>\n\n\n\n<li>Section du droit de l\u2019enfance et de la jeunesse de l\u2019Association du Barreau canadien<\/li>\n\n\n\n<li>R\u00e9seau acad\u00e9mique des droits de l\u2019enfant (CRAN)<\/li>\n\n\n\n<li>Bureau de l\u2019avocat des enfants<\/li>\n\n\n\n<li>Unit\u00e9 des enfants et des jeunes de l\u2019Ombudsman de l\u2019Ontario<\/li>\n\n\n\n<li>Springboard<\/li>\n\n\n\n<li>Centre de justice de Toronto<\/li>\n\n\n\n<li>Association canadienne d&rsquo;\u00e9ducation et d&rsquo;information juridique<\/li>\n<\/ul>\n\n\n\n<p><strong>Organismes<\/strong>&nbsp;:<\/p>\n\n\n\n<ul class=\"wp-block-list\">\n<li>Programme d\u2019aide aux victimes et aux t\u00e9moins<\/li>\n\n\n\n<li>Centre de ressources pour enfants autochtones, Y-House, Services \u00e0 la jeunesse du centre de Toronto, Eva\u2019s Place, Friends of Ruby, Sojourn House, SKETCH Working Arts, Covenant House, Mission de la rue Yonge \u2013 Evergreen, Centre de ressources pour enfants autochtones, Woodgreen<\/li>\n\n\n\n<li>Centre d\u2019excellence en immigration pour le bien-\u00eatre de l\u2019enfance (SATJ de Peel)<\/li>\n\n\n\n<li>Centre pour enfants r\u00e9fugi\u00e9s<\/li>\n\n\n\n<li>R\u00e9seau ontarien d\u2019\u00e9ducation juridique<\/li>\n\n\n\n<li>Diverses autres cliniques juridiques communautaires et sp\u00e9cialis\u00e9es<\/li>\n\n\n\n<li>Diverses commissions scolaires<\/li>\n<\/ul>\n\n\n\n<p><strong>Communaut\u00e9<\/strong>&nbsp;:<\/p>\n\n\n\n<ul class=\"wp-block-list\">\n<li>Comit\u00e9 provincial de coordination des services \u00e0 la personne et de la justice<\/li>\n\n\n\n<li>Comit\u00e9 consultatif sur la traite \u00e0 des fins sexuelles de Covenant House<\/li>\n\n\n\n<li>Clinique Trans ID<\/li>\n\n\n\n<li>R\u00e9seau des enfants non accompagn\u00e9s et s\u00e9par\u00e9s<\/li>\n\n\n\n<li>Jeunes parents sans r\u00e9seau d\u2019adresses fixes<\/li>\n\n\n\n<li>Notre syst\u00e8me, nos enfants, notre responsabilit\u00e9 : une campagne contre l\u2019expulsion des survivants du bien-\u00eatre de l\u2019enfance<\/li>\n\n\n\n<li>R\u00e9seau des enfants non accompagn\u00e9s et s\u00e9par\u00e9s<\/li>\n\n\n\n<li>Comit\u00e9 consultatif de Homelessness Connect Toronto<\/li>\n\n\n\n<li>Avis de l\u2019Observatoire canadien sur l\u2019itin\u00e9rance<\/li>\n\n\n\n<li>Collectif de solidarit\u00e9 et de soutien des \u00e9tudiants du Sanctuaire (S4 Collective)<\/li>\n\n\n\n<li>Initiative pour les jeunes de Black Creek<\/li>\n<\/ul>\n","protected":false},"excerpt":{"rendered":"<p>Notre engagement communautaire Dans le cadre de la vision de JFCY, nous sommes impliqu\u00e9s aupr\u00e8s d\u2019un large \u00e9ventail de personnes&mldr;<\/p>\n","protected":false},"author":2,"featured_media":0,"parent":706,"menu_order":0,"comment_status":"open","ping_status":"open","template":"","meta":{"_acf_changed":false,"footnotes":""},"class_list":["post-709","page","type-page","status-publish","hentry"],"acf":[],"_links":{"self":[{"href":"https:\/\/jfcy.org\/fr\/wp-json\/wp\/v2\/pages\/709","targetHints":{"allow":["GET"]}}],"collection":[{"href":"https:\/\/jfcy.org\/fr\/wp-json\/wp\/v2\/pages"}],"about":[{"href":"https:\/\/jfcy.org\/fr\/wp-json\/wp\/v2\/types\/page"}],"author":[{"embeddable":true,"href":"https:\/\/jfcy.org\/fr\/wp-json\/wp\/v2\/users\/2"}],"replies":[{"embeddable":true,"href":"https:\/\/jfcy.org\/fr\/wp-json\/wp\/v2\/comments?post=709"}],"version-history":[{"count":6,"href":"https:\/\/jfcy.org\/fr\/wp-json\/wp\/v2\/pages\/709\/revisions"}],"predecessor-version":[{"id":7418,"href":"https:\/\/jfcy.org\/fr\/wp-json\/wp\/v2\/pages\/709\/revisions\/7418"}],"up":[{"embeddable":true,"href":"https:\/\/jfcy.org\/fr\/wp-json\/wp\/v2\/pages\/706"}],"wp:attachment":[{"href":"https:\/\/jfcy.org\/fr\/wp-json\/wp\/v2\/media?parent=709"}],"curies":[{"name":"wp","href":"https:\/\/api.w.org\/{rel}","templated":true}]}}