{"id":7109,"date":"2023-12-18T20:50:42","date_gmt":"2023-12-18T20:50:42","guid":{"rendered":"https:\/\/jfcy.org\/?page_id=7109"},"modified":"2025-03-10T14:24:49","modified_gmt":"2025-03-10T14:24:49","slug":"declaration-de-confidentialite","status":"publish","type":"page","link":"https:\/\/jfcy.org\/fr\/declaration-de-confidentialite\/","title":{"rendered":"D\u00e9claration de confidentialit\u00e9"},"content":{"rendered":"\n<h2 class=\"wp-block-heading has-x-large-font-size\">D\u00e9claration de confidentialit\u00e9<\/h2>\n\n\n\n<p>Justice pour les enfants et les jeunes s\u2019engage \u00e0 pr\u00e9server la confidentialit\u00e9 des renseignements personnels en adoptant des pratiques de gestion de l\u2019information responsables et conformes aux lois sur la protection de la vie priv\u00e9e.<\/p>\n\n\n\n<h3 class=\"wp-block-heading has-large-font-size\">Anonymat<\/h3>\n\n\n\n<p>Il est possible d\u2019acc\u00e9der \u00e0 la page d\u2019accueil de Justice pour les enfants et les jeunes et de parcourir le reste du site sans fournir de renseignements personnels. En r\u00e8gle g\u00e9n\u00e9rale, aucune donn\u00e9e personnelle n\u2019est recueillie sur les visiteurs, si ce n\u2019est celles que vous fournissez volontairement, par exemple :<\/p>\n\n\n\n<ul class=\"wp-block-list\">\n<li>lorsque vous formulez des commentaires, posez une question ou r\u00e9pondez \u00e0 un sondage<\/li>\n\n\n\n<li>lorsque vous donnez votre adresse courriel pour recevoir de l\u2019information, comme un bulletin \u00e9lectronique<\/li>\n\n\n\n<li>lorsque vous vous abonnez \u00e0 des mises \u00e0 jour sur les m\u00e9dias sociaux<\/li>\n<\/ul>\n\n\n\n<p>Nous utilisons et divulguons certains renseignements anonymes \u00e0 des fins statistiques, pour \u00e9largir et am\u00e9liorer les activit\u00e9s et les services de Justice pour les enfants et les jeunes.<\/p>\n\n\n\n<h3 class=\"wp-block-heading has-large-font-size\">Communication des renseignements<\/h3>\n\n\n\n<p>Nous ne communiquons ni ne vendons les renseignements personnels que nous recueillons. Nous ne divulguons ces renseignements \u00e0 quiconque sans d\u2019abord vous en informer ou obtenir votre consentement, sauf si ces informations r\u00e9v\u00e8lent un risque de pr\u00e9judice grave pour vous ou pour quelqu\u2019un d\u2019autre.<\/p>\n\n\n\n<h3 class=\"wp-block-heading has-large-font-size\">Utilisation de t\u00e9moins<\/h3>\n\n\n\n<p>Les \u00ab cookies \u00bb, ou t\u00e9moins, sont de petits fichiers texte contenant un num\u00e9ro d\u2019identification unique transf\u00e9r\u00e9s au disque dur de votre ordinateur \u00e0 partir du site Web que vous visitez, afin de vous distinguer des autres visiteurs et de suivre vos d\u00e9placements sur le site. Les t\u00e9moins ne fournissent au gestionnaire du site aucune information pouvant vous identifier, comme votre nom ou votre adresse.<\/p>\n\n\n\n<p>Justice pour les enfants et les jeunes utilise les t\u00e9moins uniquement pour savoir combien de personnes visitent son site Web et combien de fois chaque page est consult\u00e9e. Plus pr\u00e9cis\u00e9ment, les t\u00e9moins servent \u00e0 :<\/p>\n\n\n\n<ul class=\"wp-block-list\">\n<li>garder ouverte et fermer la session d\u2019un visiteur (la garder ouverte apr\u00e8s que le visiteur ait valid\u00e9 ou sauvegard\u00e9 des donn\u00e9es et la fermer apr\u00e8s une p\u00e9riode d\u2019inactivit\u00e9) ;<\/li>\n\n\n\n<li>consigner les pr\u00e9f\u00e9rences concernant la taille de la police ;<\/li>\n\n\n\n<li>alimenter les outils de Web analytique.<\/li>\n<\/ul>\n\n\n\n<p>Justice pour les enfants et les jeunes ne peut pas suivre le parcours de navigation d\u2019un utilisateur sur son site Web. Nous utilisons seulement les t\u00e9moins pour d\u00e9terminer la popularit\u00e9 des pages et ultimement, am\u00e9liorer la qualit\u00e9 du site pour mieux r\u00e9pondre aux besoins des utilisateurs. Nous recueillons des renseignements \u00e0 votre sujet seulement si vous les donnez de fa\u00e7on volontaire.<\/p>\n\n\n\n<p>Pour d\u00e9sactiver les t\u00e9moins, en partie ou en totalit\u00e9, consultez les documents d\u2019aide de votre navigateur. Il est aussi possible de supprimer r\u00e9guli\u00e8rement l\u2019historique de navigation et des t\u00e9moins. Sachez toutefois que la d\u00e9sactivation des t\u00e9moins peut nuire \u00e0 l\u2019utilisation du site Web.<\/p>\n\n\n\n<h3 class=\"wp-block-heading has-large-font-size\">Google Analytics<\/h3>\n\n\n\n<p>Justice pour les enfants et les jeunes utilise Google Analytics pour mesurer ses r\u00e9sultats. Google Analytics emploie des t\u00e9moins persistants pour suivre les d\u00e9placements des visiteurs, de session en session, et d\u00e9terminer les sites qui les ont men\u00e9s aux deux sites Web. L\u2019outil mesure aussi l\u2019efficacit\u00e9 des liens promotionnels sur le site. Notez que les donn\u00e9es de Google Analytics sont stock\u00e9es aux \u00c9tats-Unis et que Google est assujettie aux lois am\u00e9ricaines. Les visiteurs qui souhaitent se soustraire \u00e0 la collecte de donn\u00e9es de Google Analytics doivent le faire au moyen du module compl\u00e9mentaire de navigateur pour la d\u00e9sactivation de Google Analytics.<\/p>\n\n\n\n<h3 class=\"wp-block-heading has-large-font-size\">Liens sur le site Web<\/h3>\n\n\n\n<p>Le site de Justice pour les enfants et les jeunes contient des liens vers d\u2019autres sites. Justice pour les enfants et les jeunes n\u2019assument aucune responsabilit\u00e9 relativement aux pratiques de gestion de l\u2019information de ces autres sites. Nous encourageons les visiteurs \u00e0 consulter la politique de confidentialit\u00e9 d\u2019un site Web donn\u00e9 avant de fournir des renseignements personnels pouvant les identifier.<\/p>\n\n\n\n<h3 class=\"wp-block-heading has-large-font-size\">Confidentialit\u00e9 et s\u00e9curit\u00e9<\/h3>\n\n\n\n<p>Justice pour les enfants et les jeunes prend des pr\u00e9cautions physiques, \u00e9lectroniques et administratives adapt\u00e9es au type de renseignements personnels que vous fournissez. Son personnel et ses b\u00e9n\u00e9voles qui ont acc\u00e8s aux donn\u00e9es personnelles doivent en respecter la confidentialit\u00e9 et les g\u00e9rer de fa\u00e7on responsable. En tant que cabinet d\u2019avocats, toute information que vous nous communiquez est confidentielle. Les seules exceptions sont les suivantes : si les informations indiquent un risque de pr\u00e9judice grave pour vous ou pour d\u2019autres personnes ou (si nous vous fournissons un service) si nous recevons une demande d\u2019information financi\u00e8re d\u2019Aide juridique Ontario (notre bailleur de fonds) indiquant que vous \u00eates admissible aux prestations de service.<\/p>\n\n\n\n<h3 class=\"wp-block-heading has-large-font-size\">Questions sur la confidentialit\u00e9<\/h3>\n\n\n\n<p>Si vous avez des plaintes ou des questions \u00e0 propos des pratiques de gestion de l\u2019information de Justice pour les enfants et les jeunes, n\u2019h\u00e9sitez pas \u00e0 communiquer avec elle. La plupart du temps, le personnel pourra r\u00e9pondre \u00e0 vos questions. Pour toute demande relative aux pratiques de confidentialit\u00e9 de la Justice pour les enfants et les jeunes, veuillez <a href=\"https:\/\/jfcy.org\/pour-nous-joindre\/\">nous contacter<\/a>.<\/p>\n","protected":false},"excerpt":{"rendered":"<p>D\u00e9claration de confidentialit\u00e9 Justice pour les enfants et les jeunes s\u2019engage \u00e0 pr\u00e9server la confidentialit\u00e9 des renseignements personnels en adoptant&mldr;<\/p>\n","protected":false},"author":2,"featured_media":0,"parent":0,"menu_order":0,"comment_status":"closed","ping_status":"closed","template":"","meta":{"_acf_changed":false,"footnotes":""},"class_list":["post-7109","page","type-page","status-publish","hentry"],"acf":[],"_links":{"self":[{"href":"https:\/\/jfcy.org\/fr\/wp-json\/wp\/v2\/pages\/7109","targetHints":{"allow":["GET"]}}],"collection":[{"href":"https:\/\/jfcy.org\/fr\/wp-json\/wp\/v2\/pages"}],"about":[{"href":"https:\/\/jfcy.org\/fr\/wp-json\/wp\/v2\/types\/page"}],"author":[{"embeddable":true,"href":"https:\/\/jfcy.org\/fr\/wp-json\/wp\/v2\/users\/2"}],"replies":[{"embeddable":true,"href":"https:\/\/jfcy.org\/fr\/wp-json\/wp\/v2\/comments?post=7109"}],"version-history":[{"count":2,"href":"https:\/\/jfcy.org\/fr\/wp-json\/wp\/v2\/pages\/7109\/revisions"}],"predecessor-version":[{"id":7333,"href":"https:\/\/jfcy.org\/fr\/wp-json\/wp\/v2\/pages\/7109\/revisions\/7333"}],"wp:attachment":[{"href":"https:\/\/jfcy.org\/fr\/wp-json\/wp\/v2\/media?parent=7109"}],"curies":[{"name":"wp","href":"https:\/\/api.w.org\/{rel}","templated":true}]}}