{"id":7245,"date":"2024-02-12T17:00:44","date_gmt":"2024-02-12T17:00:44","guid":{"rendered":"https:\/\/jfcy.org\/fr\/?page_id=7245"},"modified":"2025-04-15T13:46:58","modified_gmt":"2025-04-15T13:46:58","slug":"moins-de-18-ans","status":"publish","type":"page","link":"https:\/\/jfcy.org\/fr\/moins-de-18-ans\/","title":{"rendered":"Moins de 18 ans"},"content":{"rendered":"\n<h2 class=\"wp-block-heading\">Services juridiques pour les personnes \u00e2g\u00e9es de moins de 18 ans en Ontario<\/h2>\n\n\n\n<p>JFCY est une clinique juridique qui fournit des services juridiques aux jeunes de moins de 18 ans en Ontario.<\/p>\n\n\n\n<p>Voici quelques-uns des sujets sur lesquels nous sommes interrog\u00e9s :<\/p>\n\n\n\n<ul class=\"wp-block-list\">\n<li>Accusations port\u00e9es devant le tribunal p\u00e9nal pour adolescents<\/li>\n\n\n\n<li>Questions scolaires : droit de fr\u00e9quenter l&rsquo;\u00e9cole, suspensions et expulsions, \u00e9ducation sp\u00e9ciale<\/li>\n\n\n\n<li>Droit \u00e0 la vie priv\u00e9e<\/li>\n\n\n\n<li>Sant\u00e9<\/li>\n\n\n\n<li>Quitter le domicile<\/li>\n\n\n\n<li>Discrimination<\/li>\n<\/ul>\n\n\n\n<p>Pour en savoir plus sur les sujets sur lesquels nous sommes r\u00e9guli\u00e8rement interrog\u00e9s, visitez notre section <a href=\"https:\/\/jfcy.org\/fr\/vos-droits-wiki\/\">Droits juridiques<\/a>, visionnez <a href=\"https:\/\/jfcy.org\/fr\/videos\/\">nos vid\u00e9os<\/a> ou t\u00e9l\u00e9chargez <a href=\"https:\/\/jfcy.org\/fr\/publications\/\">nos publications<\/a>.<\/p>\n\n\n\n<p><a href=\"https:\/\/jfcy.org\/fr\/parlez-a-un-avocat\/\">Communiquez avec nous<\/a> si vous avez moins de 18 ans et que vous avez une question juridique.<\/p>\n\n\n\n<p><\/p>\n","protected":false},"excerpt":{"rendered":"<p>Services juridiques pour les personnes \u00e2g\u00e9es de moins de 18 ans en Ontario JFCY est une clinique juridique qui fournit&mldr;<\/p>\n","protected":false},"author":2,"featured_media":0,"parent":0,"menu_order":0,"comment_status":"closed","ping_status":"closed","template":"","meta":{"_acf_changed":false,"footnotes":""},"class_list":["post-7245","page","type-page","status-publish","hentry"],"acf":[],"_links":{"self":[{"href":"https:\/\/jfcy.org\/fr\/wp-json\/wp\/v2\/pages\/7245","targetHints":{"allow":["GET"]}}],"collection":[{"href":"https:\/\/jfcy.org\/fr\/wp-json\/wp\/v2\/pages"}],"about":[{"href":"https:\/\/jfcy.org\/fr\/wp-json\/wp\/v2\/types\/page"}],"author":[{"embeddable":true,"href":"https:\/\/jfcy.org\/fr\/wp-json\/wp\/v2\/users\/2"}],"replies":[{"embeddable":true,"href":"https:\/\/jfcy.org\/fr\/wp-json\/wp\/v2\/comments?post=7245"}],"version-history":[{"count":6,"href":"https:\/\/jfcy.org\/fr\/wp-json\/wp\/v2\/pages\/7245\/revisions"}],"predecessor-version":[{"id":7383,"href":"https:\/\/jfcy.org\/fr\/wp-json\/wp\/v2\/pages\/7245\/revisions\/7383"}],"wp:attachment":[{"href":"https:\/\/jfcy.org\/fr\/wp-json\/wp\/v2\/media?parent=7245"}],"curies":[{"name":"wp","href":"https:\/\/api.w.org\/{rel}","templated":true}]}}