{"id":7439,"date":"2025-10-30T14:05:13","date_gmt":"2025-10-30T14:05:13","guid":{"rendered":"https:\/\/jfcy.org\/fr\/?page_id=7439"},"modified":"2025-10-30T14:05:59","modified_gmt":"2025-10-30T14:05:59","slug":"participation-a-la-recherche","status":"publish","type":"page","link":"https:\/\/jfcy.org\/fr\/participation-a-la-recherche\/","title":{"rendered":"Participation \u00e0 la recherche"},"content":{"rendered":"\n<p class=\"has-x-large-font-size\"><strong>Participation \u00e0 la recherche<\/strong><\/p>\n\n\n\n<p>Participation \u00e0 la recherche est disponible en anglais uniquement.<\/p>\n\n\n\n<p>JFCY est reconnaissante de l&rsquo;opportunit\u00e9 qui lui est offerte de travailler avec des partenaires communautaires et des universitaires sur un large \u00e9ventail de questions li\u00e9es aux droits de l&rsquo;enfant, et de participer \u00e0 des \u00e9tudes sur la recherche en mati\u00e8re de justice.<\/p>\n\n\n\n<p>Pour le contenu complet (en anglais), visitez cette partie de notre site Web :&nbsp;<a href=\"https:\/\/jfcy.org\/en\/research-participation\/\">Research Participation<\/a><\/p>\n","protected":false},"excerpt":{"rendered":"<p>Participation \u00e0 la recherche Participation \u00e0 la recherche est disponible en anglais uniquement. JFCY est reconnaissante de l&rsquo;opportunit\u00e9 qui lui&mldr;<\/p>\n","protected":false},"author":2,"featured_media":0,"parent":0,"menu_order":0,"comment_status":"closed","ping_status":"closed","template":"","meta":{"_acf_changed":false,"footnotes":""},"class_list":["post-7439","page","type-page","status-publish","hentry"],"acf":[],"_links":{"self":[{"href":"https:\/\/jfcy.org\/fr\/wp-json\/wp\/v2\/pages\/7439","targetHints":{"allow":["GET"]}}],"collection":[{"href":"https:\/\/jfcy.org\/fr\/wp-json\/wp\/v2\/pages"}],"about":[{"href":"https:\/\/jfcy.org\/fr\/wp-json\/wp\/v2\/types\/page"}],"author":[{"embeddable":true,"href":"https:\/\/jfcy.org\/fr\/wp-json\/wp\/v2\/users\/2"}],"replies":[{"embeddable":true,"href":"https:\/\/jfcy.org\/fr\/wp-json\/wp\/v2\/comments?post=7439"}],"version-history":[{"count":2,"href":"https:\/\/jfcy.org\/fr\/wp-json\/wp\/v2\/pages\/7439\/revisions"}],"predecessor-version":[{"id":7441,"href":"https:\/\/jfcy.org\/fr\/wp-json\/wp\/v2\/pages\/7439\/revisions\/7441"}],"wp:attachment":[{"href":"https:\/\/jfcy.org\/fr\/wp-json\/wp\/v2\/media?parent=7439"}],"curies":[{"name":"wp","href":"https:\/\/api.w.org\/{rel}","templated":true}]}}